{"id":1507,"date":"2024-04-09T13:49:00","date_gmt":"2024-04-09T11:49:00","guid":{"rendered":"https:\/\/wp.jakobskrueger.eu\/?page_id=1507"},"modified":"2024-07-01T15:02:49","modified_gmt":"2024-07-01T13:02:49","slug":"impressum","status":"publish","type":"page","link":"https:\/\/www.jakobskrueger.de\/en\/impressum\/","title":{"rendered":"Imprint"},"content":{"rendered":"<h1 class=\"wp-block-heading\">Imprint<\/h1>\n\n\n\n<p>C. Jakobskr\u00fcger GmbH &amp; Co. KG<br>W\u00fclferheide 13<br>32107 Bad Salzuflen (Germany)<\/p>\n\n\n\n<p>Tel.: 05222 \u2013 97 68-0<br>E-Mail:&nbsp;<a href=\"mailto:info@jakobskrueger.de\">contact@jakobskrueger.de<\/a><\/p>\n\n\n\n<p><br>Personally liable partner: C. Jakobskr\u00fcger Verwaltungs-GmbH, Bad-Salzuflen<\/p>\n\n\n\n<p>Managing director authorized to represent the company: Chr. Jakobskr\u00fcger<\/p>\n\n\n\n<p>Register court: Local court Lemgo<\/p>\n\n\n\n<p>Register number: HRA 4664<\/p>\n\n\n\n<p>VAT ID No.: DE184656068<\/p>\n\n\n\n<p>Responsible for content according to \u00a7 6 MDStV: Chr. Jakobskr\u00fcger<\/p>\n\n\n\n<p>Disclaimer: Despite careful control of the content, we assume no liability for the content of external links. The operators of the linked pages are solely responsible for their content.<\/p>","protected":false},"excerpt":{"rendered":"<p>Impressum C. Jakobskr\u00fcger GmbH &amp; Co. KGW\u00fclferheide 1332107 Bad Salzuflen Tel.: 05222 \u2013 97 68-0E-Mail:&nbsp;contact@jakobskrueger.de Pers\u00f6nlich haftende Gesellschafterin: C. Jakobskr\u00fcger Verwaltungs-GmbH, Bad-Salzuflen Vertretungsberechtigter Gesch\u00e4ftsf\u00fchrer: Chr. Jakobskr\u00fcger Registergericht: Amtsgericht Lemgo Registernummer: HRA 4664 USt.-Id-Nr.: DE184656068 Inhaltlich Verantwortlicher gem\u00e4\u00df \u00a7 6 MDStV: Chr. Jakobskr\u00fcger Haftungshinweis: Trotz sorgf\u00e4ltiger inhaltlicher Kontrolle \u00fcbernehmen wir keine Haftung f\u00fcr die Inhalte externer&hellip;&nbsp;<a href=\"https:\/\/www.jakobskrueger.de\/en\/impressum\/\" class=\"\" rel=\"bookmark\">Read More &raquo;<span class=\"screen-reader-text\">Imprint<\/span><\/a><\/p>","protected":false},"author":3,"featured_media":0,"parent":0,"menu_order":0,"comment_status":"closed","ping_status":"closed","template":"","meta":{"neve_meta_sidebar":"","neve_meta_container":"","neve_meta_enable_content_width":"","neve_meta_content_width":0,"neve_meta_title_alignment":"","neve_meta_author_avatar":"","neve_post_elements_order":"","neve_meta_disable_header":"off","neve_meta_disable_footer":"","neve_meta_disable_title":"on","footnotes":""},"class_list":["post-1507","page","type-page","status-publish","hentry"],"yoast_head":"<!-- This site is optimized with the Yoast SEO plugin v26.4 - https:\/\/yoast.com\/wordpress\/plugins\/seo\/ -->\n<title>Impressum - Jakobskr\u00fcger Fenster + T\u00fcren<\/title>\n<meta name=\"description\" content=\"Impressum C. Jakobskr\u00fcger GmbH &amp; Co. KGW\u00fclferheide 1332107 Bad Salzuflen Tel.: 05222 \u2013 97 68-0E-Mail:&nbsp;contact@jakobskrueger.de Pers\u00f6nlich\" \/>\n<meta name=\"robots\" content=\"index, follow, max-snippet:-1, max-image-preview:large, max-video-preview:-1\" \/>\n<link rel=\"canonical\" href=\"https:\/\/www.jakobskrueger.de\/en\/impressum\/\" \/>\n<meta property=\"og:locale\" content=\"en_US\" \/>\n<meta property=\"og:type\" content=\"article\" \/>\n<meta property=\"og:title\" content=\"Impressum - Jakobskr\u00fcger Fenster + T\u00fcren\" \/>\n<meta property=\"og:description\" content=\"Impressum C. Jakobskr\u00fcger GmbH &amp; Co. KGW\u00fclferheide 1332107 Bad Salzuflen Tel.: 05222 \u2013 97 68-0E-Mail:&nbsp;contact@jakobskrueger.de Pers\u00f6nlich\" \/>\n<meta property=\"og:url\" content=\"https:\/\/www.jakobskrueger.de\/en\/impressum\/\" \/>\n<meta property=\"og:site_name\" content=\"Jakobskr\u00fcger Fenster + T\u00fcren\" \/>\n<meta property=\"article:modified_time\" content=\"2024-07-01T13:02:49+00:00\" \/>\n<meta property=\"og:image\" content=\"https:\/\/www.jakobskrueger.de\/wp-content\/uploads\/2024\/06\/SEO_website_bild.jpg\" \/>\n\t<meta property=\"og:image:width\" content=\"1200\" \/>\n\t<meta property=\"og:image:height\" content=\"675\" \/>\n\t<meta property=\"og:image:type\" content=\"image\/jpeg\" \/>\n<meta name=\"twitter:card\" content=\"summary_large_image\" \/>\n<meta name=\"twitter:label1\" content=\"Est. reading time\" \/>\n\t<meta name=\"twitter:data1\" content=\"1 minute\" \/>\n<script type=\"application\/ld+json\" class=\"yoast-schema-graph\">{\"@context\":\"https:\/\/schema.org\",\"@graph\":[{\"@type\":\"WebPage\",\"@id\":\"https:\/\/www.jakobskrueger.de\/impressum\/\",\"url\":\"https:\/\/www.jakobskrueger.de\/impressum\/\",\"name\":\"Impressum - Jakobskr\u00fcger Fenster + T\u00fcren\",\"isPartOf\":{\"@id\":\"https:\/\/www.jakobskrueger.de\/#website\"},\"datePublished\":\"2024-04-09T11:49:00+00:00\",\"dateModified\":\"2024-07-01T13:02:49+00:00\",\"description\":\"Impressum C. Jakobskr\u00fcger GmbH &amp; Co. KGW\u00fclferheide 1332107 Bad Salzuflen Tel.: 05222 \u2013 97 68-0E-Mail:&nbsp;contact@jakobskrueger.de Pers\u00f6nlich\",\"breadcrumb\":{\"@id\":\"https:\/\/www.jakobskrueger.de\/impressum\/#breadcrumb\"},\"inLanguage\":\"en-CA\",\"potentialAction\":[{\"@type\":\"ReadAction\",\"target\":[\"https:\/\/www.jakobskrueger.de\/impressum\/\"]}]},{\"@type\":\"BreadcrumbList\",\"@id\":\"https:\/\/www.jakobskrueger.de\/impressum\/#breadcrumb\",\"itemListElement\":[{\"@type\":\"ListItem\",\"position\":1,\"name\":\"Startseite\",\"item\":\"https:\/\/www.jakobskrueger.de\/\"},{\"@type\":\"ListItem\",\"position\":2,\"name\":\"Impressum\"}]},{\"@type\":\"WebSite\",\"@id\":\"https:\/\/www.jakobskrueger.de\/#website\",\"url\":\"https:\/\/www.jakobskrueger.de\/\",\"name\":\"Jakobskr\u00fcger Fenster + T\u00fcren\",\"description\":\"\",\"publisher\":{\"@id\":\"https:\/\/www.jakobskrueger.de\/#organization\"},\"potentialAction\":[{\"@type\":\"SearchAction\",\"target\":{\"@type\":\"EntryPoint\",\"urlTemplate\":\"https:\/\/www.jakobskrueger.de\/?s={search_term_string}\"},\"query-input\":{\"@type\":\"PropertyValueSpecification\",\"valueRequired\":true,\"valueName\":\"search_term_string\"}}],\"inLanguage\":\"en-CA\"},{\"@type\":\"Organization\",\"@id\":\"https:\/\/www.jakobskrueger.de\/#organization\",\"name\":\"C. Jakobskr\u00fcger GmbH & Co. KG\",\"alternateName\":\"Jakobskr\u00fcger Fenster + T\u00fcren\",\"url\":\"https:\/\/www.jakobskrueger.de\/\",\"logo\":{\"@type\":\"ImageObject\",\"inLanguage\":\"en-CA\",\"@id\":\"https:\/\/www.jakobskrueger.de\/#\/schema\/logo\/image\/\",\"url\":\"https:\/\/www.jakobskrueger.de\/wp-content\/uploads\/2024\/06\/SEO_Organisations-Logo.jpg\",\"contentUrl\":\"https:\/\/www.jakobskrueger.de\/wp-content\/uploads\/2024\/06\/SEO_Organisations-Logo.jpg\",\"width\":696,\"height\":696,\"caption\":\"C. Jakobskr\u00fcger GmbH & Co. KG\"},\"image\":{\"@id\":\"https:\/\/www.jakobskrueger.de\/#\/schema\/logo\/image\/\"}}]}<\/script>\n<!-- \/ Yoast SEO plugin. -->","yoast_head_json":{"title":"Impressum - Jakobskr\u00fcger Fenster + T\u00fcren","description":"Impressum C. Jakobskr\u00fcger GmbH &amp; Co. KGW\u00fclferheide 1332107 Bad Salzuflen Tel.: 05222 \u2013 97 68-0E-Mail:&nbsp;contact@jakobskrueger.de Pers\u00f6nlich","robots":{"index":"index","follow":"follow","max-snippet":"max-snippet:-1","max-image-preview":"max-image-preview:large","max-video-preview":"max-video-preview:-1"},"canonical":"https:\/\/www.jakobskrueger.de\/en\/impressum\/","og_locale":"en_US","og_type":"article","og_title":"Impressum - Jakobskr\u00fcger Fenster + T\u00fcren","og_description":"Impressum C. Jakobskr\u00fcger GmbH &amp; Co. KGW\u00fclferheide 1332107 Bad Salzuflen Tel.: 05222 \u2013 97 68-0E-Mail:&nbsp;contact@jakobskrueger.de Pers\u00f6nlich","og_url":"https:\/\/www.jakobskrueger.de\/en\/impressum\/","og_site_name":"Jakobskr\u00fcger Fenster + T\u00fcren","article_modified_time":"2024-07-01T13:02:49+00:00","og_image":[{"width":1200,"height":675,"url":"https:\/\/www.jakobskrueger.de\/wp-content\/uploads\/2024\/06\/SEO_website_bild.jpg","type":"image\/jpeg"}],"twitter_card":"summary_large_image","twitter_misc":{"Est. reading time":"1 minute"},"schema":{"@context":"https:\/\/schema.org","@graph":[{"@type":"WebPage","@id":"https:\/\/www.jakobskrueger.de\/impressum\/","url":"https:\/\/www.jakobskrueger.de\/impressum\/","name":"Impressum - Jakobskr\u00fcger Fenster + T\u00fcren","isPartOf":{"@id":"https:\/\/www.jakobskrueger.de\/#website"},"datePublished":"2024-04-09T11:49:00+00:00","dateModified":"2024-07-01T13:02:49+00:00","description":"Impressum C. Jakobskr\u00fcger GmbH &amp; Co. KGW\u00fclferheide 1332107 Bad Salzuflen Tel.: 05222 \u2013 97 68-0E-Mail:&nbsp;contact@jakobskrueger.de Pers\u00f6nlich","breadcrumb":{"@id":"https:\/\/www.jakobskrueger.de\/impressum\/#breadcrumb"},"inLanguage":"en-CA","potentialAction":[{"@type":"ReadAction","target":["https:\/\/www.jakobskrueger.de\/impressum\/"]}]},{"@type":"BreadcrumbList","@id":"https:\/\/www.jakobskrueger.de\/impressum\/#breadcrumb","itemListElement":[{"@type":"ListItem","position":1,"name":"Startseite","item":"https:\/\/www.jakobskrueger.de\/"},{"@type":"ListItem","position":2,"name":"Impressum"}]},{"@type":"WebSite","@id":"https:\/\/www.jakobskrueger.de\/#website","url":"https:\/\/www.jakobskrueger.de\/","name":"Jakobskr\u00fcger Fenster + T\u00fcren","description":"","publisher":{"@id":"https:\/\/www.jakobskrueger.de\/#organization"},"potentialAction":[{"@type":"SearchAction","target":{"@type":"EntryPoint","urlTemplate":"https:\/\/www.jakobskrueger.de\/?s={search_term_string}"},"query-input":{"@type":"PropertyValueSpecification","valueRequired":true,"valueName":"search_term_string"}}],"inLanguage":"en-CA"},{"@type":"Organization","@id":"https:\/\/www.jakobskrueger.de\/#organization","name":"C. Jakobskr\u00fcger GmbH & Co. KG","alternateName":"Jakobskr\u00fcger Fenster + T\u00fcren","url":"https:\/\/www.jakobskrueger.de\/","logo":{"@type":"ImageObject","inLanguage":"en-CA","@id":"https:\/\/www.jakobskrueger.de\/#\/schema\/logo\/image\/","url":"https:\/\/www.jakobskrueger.de\/wp-content\/uploads\/2024\/06\/SEO_Organisations-Logo.jpg","contentUrl":"https:\/\/www.jakobskrueger.de\/wp-content\/uploads\/2024\/06\/SEO_Organisations-Logo.jpg","width":696,"height":696,"caption":"C. Jakobskr\u00fcger GmbH & Co. KG"},"image":{"@id":"https:\/\/www.jakobskrueger.de\/#\/schema\/logo\/image\/"}}]}},"_links":{"self":[{"href":"https:\/\/www.jakobskrueger.de\/en\/wp-json\/wp\/v2\/pages\/1507","targetHints":{"allow":["GET"]}}],"collection":[{"href":"https:\/\/www.jakobskrueger.de\/en\/wp-json\/wp\/v2\/pages"}],"about":[{"href":"https:\/\/www.jakobskrueger.de\/en\/wp-json\/wp\/v2\/types\/page"}],"author":[{"embeddable":true,"href":"https:\/\/www.jakobskrueger.de\/en\/wp-json\/wp\/v2\/users\/3"}],"replies":[{"embeddable":true,"href":"https:\/\/www.jakobskrueger.de\/en\/wp-json\/wp\/v2\/comments?post=1507"}],"version-history":[{"count":3,"href":"https:\/\/www.jakobskrueger.de\/en\/wp-json\/wp\/v2\/pages\/1507\/revisions"}],"predecessor-version":[{"id":2213,"href":"https:\/\/www.jakobskrueger.de\/en\/wp-json\/wp\/v2\/pages\/1507\/revisions\/2213"}],"wp:attachment":[{"href":"https:\/\/www.jakobskrueger.de\/en\/wp-json\/wp\/v2\/media?parent=1507"}],"curies":[{"name":"wp","href":"https:\/\/api.w.org\/{rel}","templated":true}]}}