{"id":1795,"date":"2024-04-16T12:56:31","date_gmt":"2024-04-16T10:56:31","guid":{"rendered":"https:\/\/wp.jakobskrueger.eu\/?page_id=1795"},"modified":"2024-07-04T14:17:58","modified_gmt":"2024-07-04T12:17:58","slug":"fenster","status":"publish","type":"page","link":"https:\/\/www.jakobskrueger.de\/en\/fenster\/","title":{"rendered":"Windows"},"content":{"rendered":"<div style=\"height:45px\" aria-hidden=\"true\" class=\"wp-block-spacer\"><\/div>\n\n\n<div class=\"yoast-breadcrumbs\"><span><span><a href=\"https:\/\/www.jakobskrueger.de\/en\/\">Home<\/a><\/span> \u00bb <span class=\"breadcrumb_last\" aria-current=\"page\">Windows<\/span><\/span><\/div>\n\n\n<div style=\"height:25px\" aria-hidden=\"true\" class=\"wp-block-spacer\"><\/div>\n\n\n\n<h1 class=\"wp-block-heading\">Windows<\/h1>\n\n\n\n<div class=\"wp-block-columns is-layout-flex wp-container-core-columns-is-layout-9d6595d7 wp-block-columns-is-layout-flex\">\n<div class=\"wp-block-column is-layout-flow wp-block-column-is-layout-flow\">\n<p>Are you looking for easy-care and generous window areas that combine a homely atmosphere with a view of nature, with almost unlimited design options in terms of shape and color?<\/p>\n\n\n\n<p>Modern PVC-U or aluminium windows from the VEKA SOFTLINE 82 or Heroal W72 profile systems optimize the energy balance of any building. They combine outstanding energy-saving properties with extreme durability, stability and security. Even with large elements, the elegant design offers narrow face widths and generous glass surfaces for both modern architecture and stylish renovations.<br><br><strong>The ideal combination of colorful design, long-term efficiency and reliable technology!<\/strong><\/p>\n\n\n\n<p>The profiles are simple and easy to clean, and the excellent UV resistance ensures outstanding long-term color brilliance.<\/p>\n\n\n\n<p><\/p>\n<\/div>\n\n\n\n<div class=\"wp-block-column is-layout-flow wp-block-column-is-layout-flow\">\n<figure class=\"wp-block-gallery has-nested-images columns-default is-cropped wp-block-gallery-1 is-layout-flex wp-block-gallery-is-layout-flex\">\n<figure class=\"wp-block-image size-large\"><img loading=\"lazy\" decoding=\"async\" width=\"683\" height=\"1024\" data-id=\"1147\" src=\"https:\/\/wp.jakobskrueger.eu\/wp-content\/uploads\/2024\/03\/exerzier1-1-683x1024.jpg\" alt=\"Hier sehen sie unsere Qualitativen und eleganten Fenster\" class=\"wp-image-1147\" srcset=\"https:\/\/www.jakobskrueger.de\/wp-content\/uploads\/2024\/03\/exerzier1-1-683x1024.jpg 683w, https:\/\/www.jakobskrueger.de\/wp-content\/uploads\/2024\/03\/exerzier1-1-200x300.jpg 200w, https:\/\/www.jakobskrueger.de\/wp-content\/uploads\/2024\/03\/exerzier1-1-768x1152.jpg 768w, https:\/\/www.jakobskrueger.de\/wp-content\/uploads\/2024\/03\/exerzier1-1-1024x1536.jpg 1024w, https:\/\/www.jakobskrueger.de\/wp-content\/uploads\/2024\/03\/exerzier1-1-1365x2048.jpg 1365w, https:\/\/www.jakobskrueger.de\/wp-content\/uploads\/2024\/03\/exerzier1-1-8x12.jpg 8w, https:\/\/www.jakobskrueger.de\/wp-content\/uploads\/2024\/03\/exerzier1-1.jpg 1440w\" sizes=\"auto, (max-width: 683px) 100vw, 683px\" \/><\/figure>\n\n\n\n<figure class=\"wp-block-image size-large\"><img loading=\"lazy\" decoding=\"async\" width=\"683\" height=\"1024\" data-id=\"1153\" src=\"https:\/\/wp.jakobskrueger.eu\/wp-content\/uploads\/2024\/03\/exerzier2-683x1024.jpg\" alt=\"Hier sehen sie unsere Qualitativen und eleganten Fenster\" class=\"wp-image-1153\" srcset=\"https:\/\/www.jakobskrueger.de\/wp-content\/uploads\/2024\/03\/exerzier2-683x1024.jpg 683w, https:\/\/www.jakobskrueger.de\/wp-content\/uploads\/2024\/03\/exerzier2-200x300.jpg 200w, https:\/\/www.jakobskrueger.de\/wp-content\/uploads\/2024\/03\/exerzier2-768x1152.jpg 768w, https:\/\/www.jakobskrueger.de\/wp-content\/uploads\/2024\/03\/exerzier2-1024x1536.jpg 1024w, https:\/\/www.jakobskrueger.de\/wp-content\/uploads\/2024\/03\/exerzier2-1365x2048.jpg 1365w, https:\/\/www.jakobskrueger.de\/wp-content\/uploads\/2024\/03\/exerzier2-8x12.jpg 8w, https:\/\/www.jakobskrueger.de\/wp-content\/uploads\/2024\/03\/exerzier2.jpg 1440w\" sizes=\"auto, (max-width: 683px) 100vw, 683px\" \/><\/figure>\n\n\n\n<figure class=\"wp-block-image size-large\"><img loading=\"lazy\" decoding=\"async\" width=\"513\" height=\"461\" data-id=\"1150\" src=\"https:\/\/wp.jakobskrueger.eu\/wp-content\/uploads\/2024\/03\/exerzier-ausschnitt.jpg\" alt=\"Hier sehen sie unsere Qualitativen und eleganten Fenster\" class=\"wp-image-1150\" srcset=\"https:\/\/www.jakobskrueger.de\/wp-content\/uploads\/2024\/03\/exerzier-ausschnitt.jpg 513w, https:\/\/www.jakobskrueger.de\/wp-content\/uploads\/2024\/03\/exerzier-ausschnitt-300x270.jpg 300w, https:\/\/www.jakobskrueger.de\/wp-content\/uploads\/2024\/03\/exerzier-ausschnitt-13x12.jpg 13w\" sizes=\"auto, (max-width: 513px) 100vw, 513px\" \/><\/figure>\n\n\n\n<figure class=\"wp-block-image size-large\"><img loading=\"lazy\" decoding=\"async\" width=\"1024\" height=\"768\" data-id=\"1873\" src=\"https:\/\/wp.jakobskrueger.eu\/wp-content\/uploads\/2024\/04\/4-1024x768.jpg\" alt=\"Hier sehen sie eines der Wohnh\u00e4user, die wir mit Fenstern ausgestattet haben\" class=\"wp-image-1873\" srcset=\"https:\/\/www.jakobskrueger.de\/wp-content\/uploads\/2024\/04\/4-1024x768.jpg 1024w, https:\/\/www.jakobskrueger.de\/wp-content\/uploads\/2024\/04\/4-300x225.jpg 300w, https:\/\/www.jakobskrueger.de\/wp-content\/uploads\/2024\/04\/4-768x576.jpg 768w, https:\/\/www.jakobskrueger.de\/wp-content\/uploads\/2024\/04\/4-1536x1152.jpg 1536w, https:\/\/www.jakobskrueger.de\/wp-content\/uploads\/2024\/04\/4-2048x1536.jpg 2048w, https:\/\/www.jakobskrueger.de\/wp-content\/uploads\/2024\/04\/4-16x12.jpg 16w\" sizes=\"auto, (max-width: 1024px) 100vw, 1024px\" \/><\/figure>\n\n\n\n<figure class=\"wp-block-image size-large\"><img loading=\"lazy\" decoding=\"async\" width=\"1024\" height=\"768\" data-id=\"1897\" src=\"https:\/\/wp.jakobskrueger.eu\/wp-content\/uploads\/2024\/04\/IMG_7751-1024x768.jpeg\" alt=\"Hier sehen sie eines der Wohnh\u00e4user, die wir mit Fenstern ausgestattet haben\" class=\"wp-image-1897\" srcset=\"https:\/\/www.jakobskrueger.de\/wp-content\/uploads\/2024\/04\/IMG_7751-1024x768.jpeg 1024w, https:\/\/www.jakobskrueger.de\/wp-content\/uploads\/2024\/04\/IMG_7751-300x225.jpeg 300w, https:\/\/www.jakobskrueger.de\/wp-content\/uploads\/2024\/04\/IMG_7751-768x576.jpeg 768w, https:\/\/www.jakobskrueger.de\/wp-content\/uploads\/2024\/04\/IMG_7751-1536x1152.jpeg 1536w, https:\/\/www.jakobskrueger.de\/wp-content\/uploads\/2024\/04\/IMG_7751-2048x1536.jpeg 2048w, https:\/\/www.jakobskrueger.de\/wp-content\/uploads\/2024\/04\/IMG_7751-16x12.jpeg 16w\" sizes=\"auto, (max-width: 1024px) 100vw, 1024px\" \/><\/figure>\n\n\n\n<figure class=\"wp-block-image size-large\"><img loading=\"lazy\" decoding=\"async\" width=\"1024\" height=\"681\" data-id=\"517\" src=\"https:\/\/wp.jakobskrueger.eu\/wp-content\/uploads\/2024\/03\/IMG_7952-1024x681.jpeg\" alt=\"Hier sehen sie eines der Wohnh\u00e4user, die wir mit Fenstern ausgestattet haben\" class=\"wp-image-517\" srcset=\"https:\/\/www.jakobskrueger.de\/wp-content\/uploads\/2024\/03\/IMG_7952-1024x681.jpeg 1024w, https:\/\/www.jakobskrueger.de\/wp-content\/uploads\/2024\/03\/IMG_7952-300x200.jpeg 300w, https:\/\/www.jakobskrueger.de\/wp-content\/uploads\/2024\/03\/IMG_7952-768x511.jpeg 768w, https:\/\/www.jakobskrueger.de\/wp-content\/uploads\/2024\/03\/IMG_7952-1536x1022.jpeg 1536w, https:\/\/www.jakobskrueger.de\/wp-content\/uploads\/2024\/03\/IMG_7952-18x12.jpeg 18w, https:\/\/www.jakobskrueger.de\/wp-content\/uploads\/2024\/03\/IMG_7952.jpeg 1936w\" sizes=\"auto, (max-width: 1024px) 100vw, 1024px\" \/><\/figure>\n<\/figure>\n<\/div>\n<\/div>","protected":false},"excerpt":{"rendered":"<p>Fenster Sie w\u00fcnschen sich pflegeleichte und gro\u00dfz\u00fcgige Fensterfl\u00e4chen, die wohnliche Atmosph\u00e4re mit den Blick in die Natur verbinden, bei nahezu unbegrenzten Gestaltungsm\u00f6glichkeiten in Form und Farbe? Moderne Kunststoff- oder Aluminiumfenster aus dem Profilsystemen VEKA SOFTLINE 82 oder Heroal W72 optimieren die Energiebilanz eines jeden Geb\u00e4udes. Sie verbinden dabei herausragende Energiespar-Eigenschaften mit extremer Langlebigkeit, Stabilit\u00e4t und&hellip;&nbsp;<a href=\"https:\/\/www.jakobskrueger.de\/en\/fenster\/\" class=\"\" rel=\"bookmark\">Read More &raquo;<span class=\"screen-reader-text\">Windows<\/span><\/a><\/p>","protected":false},"author":3,"featured_media":0,"parent":0,"menu_order":0,"comment_status":"closed","ping_status":"closed","template":"","meta":{"neve_meta_sidebar":"","neve_meta_container":"","neve_meta_enable_content_width":"","neve_meta_content_width":0,"neve_meta_title_alignment":"","neve_meta_author_avatar":"","neve_post_elements_order":"","neve_meta_disable_header":"","neve_meta_disable_footer":"","neve_meta_disable_title":"on","footnotes":""},"class_list":["post-1795","page","type-page","status-publish","hentry"],"yoast_head":"<!-- This site is optimized with the Yoast SEO plugin v26.4 - https:\/\/yoast.com\/wordpress\/plugins\/seo\/ -->\n<title>Fenster - Jakobskr\u00fcger Fenster + T\u00fcren<\/title>\n<meta name=\"description\" content=\"Fenster Sie w\u00fcnschen sich pflegeleichte und gro\u00dfz\u00fcgige Fensterfl\u00e4chen, die wohnliche Atmosph\u00e4re mit den Blick in die Natur verbinden, bei nahezu\" \/>\n<meta name=\"robots\" content=\"index, follow, max-snippet:-1, max-image-preview:large, max-video-preview:-1\" \/>\n<link rel=\"canonical\" href=\"https:\/\/www.jakobskrueger.de\/en\/fenster\/\" \/>\n<meta property=\"og:locale\" content=\"en_US\" \/>\n<meta property=\"og:type\" content=\"article\" \/>\n<meta property=\"og:title\" content=\"Fenster - Jakobskr\u00fcger Fenster + T\u00fcren\" \/>\n<meta property=\"og:description\" content=\"Fenster Sie w\u00fcnschen sich pflegeleichte und gro\u00dfz\u00fcgige Fensterfl\u00e4chen, die wohnliche Atmosph\u00e4re mit den Blick in die Natur verbinden, bei nahezu\" \/>\n<meta property=\"og:url\" content=\"https:\/\/www.jakobskrueger.de\/en\/fenster\/\" \/>\n<meta property=\"og:site_name\" content=\"Jakobskr\u00fcger Fenster + T\u00fcren\" \/>\n<meta property=\"article:modified_time\" content=\"2024-07-04T12:17:58+00:00\" \/>\n<meta property=\"og:image\" content=\"https:\/\/wp.jakobskrueger.eu\/wp-content\/uploads\/2024\/03\/exerzier1-1-683x1024.jpg\" \/>\n<meta name=\"twitter:card\" content=\"summary_large_image\" \/>\n<meta name=\"twitter:label1\" content=\"Est. reading time\" \/>\n\t<meta name=\"twitter:data1\" content=\"2 minutes\" \/>\n<script type=\"application\/ld+json\" class=\"yoast-schema-graph\">{\"@context\":\"https:\/\/schema.org\",\"@graph\":[{\"@type\":\"WebPage\",\"@id\":\"https:\/\/www.jakobskrueger.de\/fenster\/\",\"url\":\"https:\/\/www.jakobskrueger.de\/fenster\/\",\"name\":\"Fenster - Jakobskr\u00fcger Fenster + T\u00fcren\",\"isPartOf\":{\"@id\":\"https:\/\/www.jakobskrueger.de\/#website\"},\"primaryImageOfPage\":{\"@id\":\"https:\/\/www.jakobskrueger.de\/fenster\/#primaryimage\"},\"image\":{\"@id\":\"https:\/\/www.jakobskrueger.de\/fenster\/#primaryimage\"},\"thumbnailUrl\":\"https:\/\/wp.jakobskrueger.eu\/wp-content\/uploads\/2024\/03\/exerzier1-1-683x1024.jpg\",\"datePublished\":\"2024-04-16T10:56:31+00:00\",\"dateModified\":\"2024-07-04T12:17:58+00:00\",\"description\":\"Fenster Sie w\u00fcnschen sich pflegeleichte und gro\u00dfz\u00fcgige Fensterfl\u00e4chen, die wohnliche Atmosph\u00e4re mit den Blick in die Natur verbinden, bei nahezu\",\"breadcrumb\":{\"@id\":\"https:\/\/www.jakobskrueger.de\/fenster\/#breadcrumb\"},\"inLanguage\":\"en-CA\",\"potentialAction\":[{\"@type\":\"ReadAction\",\"target\":[\"https:\/\/www.jakobskrueger.de\/fenster\/\"]}]},{\"@type\":\"ImageObject\",\"inLanguage\":\"en-CA\",\"@id\":\"https:\/\/www.jakobskrueger.de\/fenster\/#primaryimage\",\"url\":\"https:\/\/wp.jakobskrueger.eu\/wp-content\/uploads\/2024\/03\/exerzier1-1-683x1024.jpg\",\"contentUrl\":\"https:\/\/wp.jakobskrueger.eu\/wp-content\/uploads\/2024\/03\/exerzier1-1-683x1024.jpg\"},{\"@type\":\"BreadcrumbList\",\"@id\":\"https:\/\/www.jakobskrueger.de\/fenster\/#breadcrumb\",\"itemListElement\":[{\"@type\":\"ListItem\",\"position\":1,\"name\":\"Startseite\",\"item\":\"https:\/\/www.jakobskrueger.de\/\"},{\"@type\":\"ListItem\",\"position\":2,\"name\":\"Fenster\"}]},{\"@type\":\"WebSite\",\"@id\":\"https:\/\/www.jakobskrueger.de\/#website\",\"url\":\"https:\/\/www.jakobskrueger.de\/\",\"name\":\"Jakobskr\u00fcger Fenster + T\u00fcren\",\"description\":\"\",\"publisher\":{\"@id\":\"https:\/\/www.jakobskrueger.de\/#organization\"},\"potentialAction\":[{\"@type\":\"SearchAction\",\"target\":{\"@type\":\"EntryPoint\",\"urlTemplate\":\"https:\/\/www.jakobskrueger.de\/?s={search_term_string}\"},\"query-input\":{\"@type\":\"PropertyValueSpecification\",\"valueRequired\":true,\"valueName\":\"search_term_string\"}}],\"inLanguage\":\"en-CA\"},{\"@type\":\"Organization\",\"@id\":\"https:\/\/www.jakobskrueger.de\/#organization\",\"name\":\"C. Jakobskr\u00fcger GmbH & Co. KG\",\"alternateName\":\"Jakobskr\u00fcger Fenster + T\u00fcren\",\"url\":\"https:\/\/www.jakobskrueger.de\/\",\"logo\":{\"@type\":\"ImageObject\",\"inLanguage\":\"en-CA\",\"@id\":\"https:\/\/www.jakobskrueger.de\/#\/schema\/logo\/image\/\",\"url\":\"https:\/\/www.jakobskrueger.de\/wp-content\/uploads\/2024\/06\/SEO_Organisations-Logo.jpg\",\"contentUrl\":\"https:\/\/www.jakobskrueger.de\/wp-content\/uploads\/2024\/06\/SEO_Organisations-Logo.jpg\",\"width\":696,\"height\":696,\"caption\":\"C. Jakobskr\u00fcger GmbH & Co. KG\"},\"image\":{\"@id\":\"https:\/\/www.jakobskrueger.de\/#\/schema\/logo\/image\/\"}}]}<\/script>\n<!-- \/ Yoast SEO plugin. -->","yoast_head_json":{"title":"Fenster - Jakobskr\u00fcger Fenster + T\u00fcren","description":"Fenster Sie w\u00fcnschen sich pflegeleichte und gro\u00dfz\u00fcgige Fensterfl\u00e4chen, die wohnliche Atmosph\u00e4re mit den Blick in die Natur verbinden, bei nahezu","robots":{"index":"index","follow":"follow","max-snippet":"max-snippet:-1","max-image-preview":"max-image-preview:large","max-video-preview":"max-video-preview:-1"},"canonical":"https:\/\/www.jakobskrueger.de\/en\/fenster\/","og_locale":"en_US","og_type":"article","og_title":"Fenster - Jakobskr\u00fcger Fenster + T\u00fcren","og_description":"Fenster Sie w\u00fcnschen sich pflegeleichte und gro\u00dfz\u00fcgige Fensterfl\u00e4chen, die wohnliche Atmosph\u00e4re mit den Blick in die Natur verbinden, bei nahezu","og_url":"https:\/\/www.jakobskrueger.de\/en\/fenster\/","og_site_name":"Jakobskr\u00fcger Fenster + T\u00fcren","article_modified_time":"2024-07-04T12:17:58+00:00","og_image":[{"url":"https:\/\/wp.jakobskrueger.eu\/wp-content\/uploads\/2024\/03\/exerzier1-1-683x1024.jpg","type":"","width":"","height":""}],"twitter_card":"summary_large_image","twitter_misc":{"Est. reading time":"2 minutes"},"schema":{"@context":"https:\/\/schema.org","@graph":[{"@type":"WebPage","@id":"https:\/\/www.jakobskrueger.de\/fenster\/","url":"https:\/\/www.jakobskrueger.de\/fenster\/","name":"Fenster - Jakobskr\u00fcger Fenster + T\u00fcren","isPartOf":{"@id":"https:\/\/www.jakobskrueger.de\/#website"},"primaryImageOfPage":{"@id":"https:\/\/www.jakobskrueger.de\/fenster\/#primaryimage"},"image":{"@id":"https:\/\/www.jakobskrueger.de\/fenster\/#primaryimage"},"thumbnailUrl":"https:\/\/wp.jakobskrueger.eu\/wp-content\/uploads\/2024\/03\/exerzier1-1-683x1024.jpg","datePublished":"2024-04-16T10:56:31+00:00","dateModified":"2024-07-04T12:17:58+00:00","description":"Fenster Sie w\u00fcnschen sich pflegeleichte und gro\u00dfz\u00fcgige Fensterfl\u00e4chen, die wohnliche Atmosph\u00e4re mit den Blick in die Natur verbinden, bei nahezu","breadcrumb":{"@id":"https:\/\/www.jakobskrueger.de\/fenster\/#breadcrumb"},"inLanguage":"en-CA","potentialAction":[{"@type":"ReadAction","target":["https:\/\/www.jakobskrueger.de\/fenster\/"]}]},{"@type":"ImageObject","inLanguage":"en-CA","@id":"https:\/\/www.jakobskrueger.de\/fenster\/#primaryimage","url":"https:\/\/wp.jakobskrueger.eu\/wp-content\/uploads\/2024\/03\/exerzier1-1-683x1024.jpg","contentUrl":"https:\/\/wp.jakobskrueger.eu\/wp-content\/uploads\/2024\/03\/exerzier1-1-683x1024.jpg"},{"@type":"BreadcrumbList","@id":"https:\/\/www.jakobskrueger.de\/fenster\/#breadcrumb","itemListElement":[{"@type":"ListItem","position":1,"name":"Startseite","item":"https:\/\/www.jakobskrueger.de\/"},{"@type":"ListItem","position":2,"name":"Fenster"}]},{"@type":"WebSite","@id":"https:\/\/www.jakobskrueger.de\/#website","url":"https:\/\/www.jakobskrueger.de\/","name":"Jakobskr\u00fcger Fenster + T\u00fcren","description":"","publisher":{"@id":"https:\/\/www.jakobskrueger.de\/#organization"},"potentialAction":[{"@type":"SearchAction","target":{"@type":"EntryPoint","urlTemplate":"https:\/\/www.jakobskrueger.de\/?s={search_term_string}"},"query-input":{"@type":"PropertyValueSpecification","valueRequired":true,"valueName":"search_term_string"}}],"inLanguage":"en-CA"},{"@type":"Organization","@id":"https:\/\/www.jakobskrueger.de\/#organization","name":"C. Jakobskr\u00fcger GmbH & Co. KG","alternateName":"Jakobskr\u00fcger Fenster + T\u00fcren","url":"https:\/\/www.jakobskrueger.de\/","logo":{"@type":"ImageObject","inLanguage":"en-CA","@id":"https:\/\/www.jakobskrueger.de\/#\/schema\/logo\/image\/","url":"https:\/\/www.jakobskrueger.de\/wp-content\/uploads\/2024\/06\/SEO_Organisations-Logo.jpg","contentUrl":"https:\/\/www.jakobskrueger.de\/wp-content\/uploads\/2024\/06\/SEO_Organisations-Logo.jpg","width":696,"height":696,"caption":"C. Jakobskr\u00fcger GmbH & Co. KG"},"image":{"@id":"https:\/\/www.jakobskrueger.de\/#\/schema\/logo\/image\/"}}]}},"_links":{"self":[{"href":"https:\/\/www.jakobskrueger.de\/en\/wp-json\/wp\/v2\/pages\/1795","targetHints":{"allow":["GET"]}}],"collection":[{"href":"https:\/\/www.jakobskrueger.de\/en\/wp-json\/wp\/v2\/pages"}],"about":[{"href":"https:\/\/www.jakobskrueger.de\/en\/wp-json\/wp\/v2\/types\/page"}],"author":[{"embeddable":true,"href":"https:\/\/www.jakobskrueger.de\/en\/wp-json\/wp\/v2\/users\/3"}],"replies":[{"embeddable":true,"href":"https:\/\/www.jakobskrueger.de\/en\/wp-json\/wp\/v2\/comments?post=1795"}],"version-history":[{"count":7,"href":"https:\/\/www.jakobskrueger.de\/en\/wp-json\/wp\/v2\/pages\/1795\/revisions"}],"predecessor-version":[{"id":2399,"href":"https:\/\/www.jakobskrueger.de\/en\/wp-json\/wp\/v2\/pages\/1795\/revisions\/2399"}],"wp:attachment":[{"href":"https:\/\/www.jakobskrueger.de\/en\/wp-json\/wp\/v2\/media?parent=1795"}],"curies":[{"name":"wp","href":"https:\/\/api.w.org\/{rel}","templated":true}]}}