{"id":264,"date":"2024-03-06T12:10:23","date_gmt":"2024-03-06T11:10:23","guid":{"rendered":"https:\/\/wp.jakobskrueger.eu\/?page_id=264"},"modified":"2024-07-04T14:16:17","modified_gmt":"2024-07-04T12:16:17","slug":"schiebetueren","status":"publish","type":"page","link":"https:\/\/www.jakobskrueger.de\/en\/schiebetueren\/","title":{"rendered":"Sliding Doors"},"content":{"rendered":"<div style=\"height:45px\" aria-hidden=\"true\" class=\"wp-block-spacer\"><\/div>\n\n\n<div class=\"yoast-breadcrumbs\"><span><span><a href=\"https:\/\/www.jakobskrueger.de\/en\/\">Home<\/a><\/span> \u00bb <span class=\"breadcrumb_last\" aria-current=\"page\">Sliding Doors<\/span><\/span><\/div>\n\n\n<div style=\"height:25px\" aria-hidden=\"true\" class=\"wp-block-spacer\"><\/div>\n\n\n\n<h1 class=\"wp-block-heading\">Sliding doors - attractive bright spots<\/h1>\n\n\n\n<p>Sliding doors are not only ideal for creating spacious living areas in new builds, but also for renovations. Even in older houses, only minor structural changes are usually required to achieve increased living comfort:<\/p>\n\n\n\n<p>When the weather is fine, nothing stands in the way of enjoying the outdoors in front of your own home, and when the weather is bad, the closed doors inside create a cozy and warm living atmosphere.<\/p>\n\n\n\n<p>The&nbsp;<strong>Jakobskr\u00fcger&nbsp;<\/strong>sliding door range opens up perspectives for comfortable living and is perfectly tailored to the different dimensions and individual requirements.<\/p>\n\n\n\n<p>It offers a complete range of systems, from slimline sliding doors and parallel sliding doors to lift and slide and lift and tilt doors. The highly impact-resistant, weatherproof material guarantees absolute dimensional stability even with extremely large designs, while the sophisticated design ensures optimum storm and driving rain resistance. Depending on the situation, fixed and movable elements can be combined easily and repeatedly, and many attractive surface colors and decors are also available for individual design requirements.<\/p>\n\n\n\n<hr class=\"wp-block-separator has-alpha-channel-opacity\"\/>\n\n\n\n<div class=\"wp-block-columns is-layout-flex wp-container-core-columns-is-layout-9d6595d7 wp-block-columns-is-layout-flex\">\n<div class=\"wp-block-column is-layout-flow wp-block-column-is-layout-flow\">\n<h2 class=\"wp-block-heading\"><\/h2>\n\n\n\n<div class=\"wp-block-columns is-layout-flex wp-container-core-columns-is-layout-9d6595d7 wp-block-columns-is-layout-flex\">\n<div class=\"wp-block-column is-layout-flow wp-block-column-is-layout-flow\">\n<figure class=\"wp-block-image size-full is-resized\"><img loading=\"lazy\" decoding=\"async\" width=\"623\" height=\"422\" src=\"https:\/\/wp.jakobskrueger.eu\/wp-content\/uploads\/2024\/04\/Detail_Schiebe_623x422.jpg\" alt=\"Schiebet\u00fcren - Reizvolle Lichtblicke - mit Landblick\" class=\"wp-image-1708\" style=\"width:268px;height:auto\" srcset=\"https:\/\/www.jakobskrueger.de\/wp-content\/uploads\/2024\/04\/Detail_Schiebe_623x422.jpg 623w, https:\/\/www.jakobskrueger.de\/wp-content\/uploads\/2024\/04\/Detail_Schiebe_623x422-300x203.jpg 300w, https:\/\/www.jakobskrueger.de\/wp-content\/uploads\/2024\/04\/Detail_Schiebe_623x422-18x12.jpg 18w\" sizes=\"auto, (max-width: 623px) 100vw, 623px\" \/><\/figure>\n<\/div>\n\n\n\n<div class=\"wp-block-column is-layout-flow wp-block-column-is-layout-flow\">\n<figure class=\"wp-block-image size-full is-resized\"><img loading=\"lazy\" decoding=\"async\" width=\"200\" height=\"227\" src=\"https:\/\/wp.jakobskrueger.eu\/wp-content\/uploads\/2024\/05\/117235_MasterPatio_2-rail_XX_Slim_Chicane_detail_gv003_Final_Render_0002.webp\" alt=\"Schiebet\u00fcren - Reizvolle Lichtblicke - Technische ebene\" class=\"wp-image-2000\" style=\"width:269px;height:auto\" srcset=\"https:\/\/www.jakobskrueger.de\/wp-content\/uploads\/2024\/05\/117235_MasterPatio_2-rail_XX_Slim_Chicane_detail_gv003_Final_Render_0002.webp 200w, https:\/\/www.jakobskrueger.de\/wp-content\/uploads\/2024\/05\/117235_MasterPatio_2-rail_XX_Slim_Chicane_detail_gv003_Final_Render_0002-11x12.webp 11w\" sizes=\"auto, (max-width: 200px) 100vw, 200px\" \/><\/figure>\n<\/div>\n<\/div>\n<\/div>\n\n\n\n<div class=\"wp-block-column is-layout-flow wp-block-column-is-layout-flow\">\n<h2 class=\"wp-block-heading\"><\/h2>\n\n\n\n<div class=\"wp-block-columns is-layout-flex wp-container-core-columns-is-layout-9d6595d7 wp-block-columns-is-layout-flex\">\n<div class=\"wp-block-column is-layout-flow wp-block-column-is-layout-flow\">\n<figure class=\"wp-block-image size-full is-resized\"><img loading=\"lazy\" decoding=\"async\" width=\"570\" height=\"320\" src=\"https:\/\/wp.jakobskrueger.eu\/wp-content\/uploads\/2024\/05\/117240_MasterPatio_Touch.webp\" alt=\"Schiebet\u00fcren - Reizvolle Lichtblicke - mit Landblick\" class=\"wp-image-2003\" style=\"width:271px;height:auto\" srcset=\"https:\/\/www.jakobskrueger.de\/wp-content\/uploads\/2024\/05\/117240_MasterPatio_Touch.webp 570w, https:\/\/www.jakobskrueger.de\/wp-content\/uploads\/2024\/05\/117240_MasterPatio_Touch-300x168.webp 300w, https:\/\/www.jakobskrueger.de\/wp-content\/uploads\/2024\/05\/117240_MasterPatio_Touch-18x10.webp 18w\" sizes=\"auto, (max-width: 570px) 100vw, 570px\" \/><\/figure>\n<\/div>\n\n\n\n<div class=\"wp-block-column is-layout-flow wp-block-column-is-layout-flow\">\n<figure class=\"wp-block-image size-full is-resized\"><img loading=\"lazy\" decoding=\"async\" width=\"2560\" height=\"1708\" src=\"https:\/\/wp.jakobskrueger.eu\/wp-content\/uploads\/2024\/05\/High-Res-13-Melrose-Dr-22-scaled.jpg\" alt=\"Schiebet\u00fcren - Reizvolle Lichtblicke - Wohnraum\" class=\"wp-image-1997\" style=\"width:269px;height:auto\" srcset=\"https:\/\/www.jakobskrueger.de\/wp-content\/uploads\/2024\/05\/High-Res-13-Melrose-Dr-22-scaled.jpg 2560w, https:\/\/www.jakobskrueger.de\/wp-content\/uploads\/2024\/05\/High-Res-13-Melrose-Dr-22-300x200.jpg 300w, https:\/\/www.jakobskrueger.de\/wp-content\/uploads\/2024\/05\/High-Res-13-Melrose-Dr-22-1024x683.jpg 1024w, https:\/\/www.jakobskrueger.de\/wp-content\/uploads\/2024\/05\/High-Res-13-Melrose-Dr-22-768x512.jpg 768w, https:\/\/www.jakobskrueger.de\/wp-content\/uploads\/2024\/05\/High-Res-13-Melrose-Dr-22-1536x1025.jpg 1536w, https:\/\/www.jakobskrueger.de\/wp-content\/uploads\/2024\/05\/High-Res-13-Melrose-Dr-22-2048x1366.jpg 2048w, https:\/\/www.jakobskrueger.de\/wp-content\/uploads\/2024\/05\/High-Res-13-Melrose-Dr-22-18x12.jpg 18w, https:\/\/www.jakobskrueger.de\/wp-content\/uploads\/2024\/05\/High-Res-13-Melrose-Dr-22-930x620.jpg 930w\" sizes=\"auto, (max-width: 2560px) 100vw, 2560px\" \/><\/figure>\n<\/div>\n<\/div>\n<\/div>\n<\/div>","protected":false},"excerpt":{"rendered":"<p>Schiebet\u00fcren &#8211; Reizvolle Lichtblicke Schiebet\u00fcren sind nicht nur im Neubau, sondern auch bei Renovierungen bestens geeignet, eine gro\u00dfz\u00fcgige Wohnraumgestaltung zu schaffen. Selbst in \u00e4lteren H\u00e4usern sind meist nur kleine bauliche Ver\u00e4nderungen Voraussetzung f\u00fcr die Realisierung erh\u00f6hten Wohnkomforts: Bei sch\u00f6nem Wetter steht dem Naturgenuss vor dem eigenen Haus unter freiem Himmel nichts mehr im Weg, bei&hellip;&nbsp;<a href=\"https:\/\/www.jakobskrueger.de\/en\/schiebetueren\/\" class=\"\" rel=\"bookmark\">Read More &raquo;<span class=\"screen-reader-text\">Sliding Doors<\/span><\/a><\/p>","protected":false},"author":3,"featured_media":0,"parent":0,"menu_order":0,"comment_status":"closed","ping_status":"closed","template":"","meta":{"neve_meta_sidebar":"","neve_meta_container":"","neve_meta_enable_content_width":"","neve_meta_content_width":0,"neve_meta_title_alignment":"","neve_meta_author_avatar":"","neve_post_elements_order":"","neve_meta_disable_header":"","neve_meta_disable_footer":"","neve_meta_disable_title":"on","footnotes":""},"class_list":["post-264","page","type-page","status-publish","hentry"],"yoast_head":"<!-- This site is optimized with the Yoast SEO plugin v26.4 - https:\/\/yoast.com\/wordpress\/plugins\/seo\/ -->\n<title>Schiebet\u00fcren - Jakobskr\u00fcger Fenster + T\u00fcren<\/title>\n<meta name=\"description\" content=\"Schiebet\u00fcren - Reizvolle Lichtblicke Schiebet\u00fcren sind nicht nur im Neubau, sondern auch bei Renovierungen bestens geeignet, eine gro\u00dfz\u00fcgige\" \/>\n<meta name=\"robots\" content=\"index, follow, max-snippet:-1, max-image-preview:large, max-video-preview:-1\" \/>\n<link rel=\"canonical\" href=\"https:\/\/www.jakobskrueger.de\/en\/schiebetueren\/\" \/>\n<meta property=\"og:locale\" content=\"en_US\" \/>\n<meta property=\"og:type\" content=\"article\" \/>\n<meta property=\"og:title\" content=\"Schiebet\u00fcren - Jakobskr\u00fcger Fenster + T\u00fcren\" \/>\n<meta property=\"og:description\" content=\"Schiebet\u00fcren - Reizvolle Lichtblicke Schiebet\u00fcren sind nicht nur im Neubau, sondern auch bei Renovierungen bestens geeignet, eine gro\u00dfz\u00fcgige\" \/>\n<meta property=\"og:url\" content=\"https:\/\/www.jakobskrueger.de\/en\/schiebetueren\/\" \/>\n<meta property=\"og:site_name\" content=\"Jakobskr\u00fcger Fenster + T\u00fcren\" \/>\n<meta property=\"article:modified_time\" content=\"2024-07-04T12:16:17+00:00\" \/>\n<meta property=\"og:image\" content=\"https:\/\/wp.jakobskrueger.eu\/wp-content\/uploads\/2024\/04\/Detail_Schiebe_623x422.jpg\" \/>\n<meta name=\"twitter:card\" content=\"summary_large_image\" \/>\n<meta name=\"twitter:label1\" content=\"Est. reading time\" \/>\n\t<meta name=\"twitter:data1\" content=\"2 minutes\" \/>\n<script type=\"application\/ld+json\" class=\"yoast-schema-graph\">{\"@context\":\"https:\/\/schema.org\",\"@graph\":[{\"@type\":\"WebPage\",\"@id\":\"https:\/\/www.jakobskrueger.de\/schiebetueren\/\",\"url\":\"https:\/\/www.jakobskrueger.de\/schiebetueren\/\",\"name\":\"Schiebet\u00fcren - Jakobskr\u00fcger Fenster + T\u00fcren\",\"isPartOf\":{\"@id\":\"https:\/\/www.jakobskrueger.de\/#website\"},\"primaryImageOfPage\":{\"@id\":\"https:\/\/www.jakobskrueger.de\/schiebetueren\/#primaryimage\"},\"image\":{\"@id\":\"https:\/\/www.jakobskrueger.de\/schiebetueren\/#primaryimage\"},\"thumbnailUrl\":\"https:\/\/wp.jakobskrueger.eu\/wp-content\/uploads\/2024\/04\/Detail_Schiebe_623x422.jpg\",\"datePublished\":\"2024-03-06T11:10:23+00:00\",\"dateModified\":\"2024-07-04T12:16:17+00:00\",\"description\":\"Schiebet\u00fcren - Reizvolle Lichtblicke Schiebet\u00fcren sind nicht nur im Neubau, sondern auch bei Renovierungen bestens geeignet, eine gro\u00dfz\u00fcgige\",\"breadcrumb\":{\"@id\":\"https:\/\/www.jakobskrueger.de\/schiebetueren\/#breadcrumb\"},\"inLanguage\":\"en-CA\",\"potentialAction\":[{\"@type\":\"ReadAction\",\"target\":[\"https:\/\/www.jakobskrueger.de\/schiebetueren\/\"]}]},{\"@type\":\"ImageObject\",\"inLanguage\":\"en-CA\",\"@id\":\"https:\/\/www.jakobskrueger.de\/schiebetueren\/#primaryimage\",\"url\":\"https:\/\/wp.jakobskrueger.eu\/wp-content\/uploads\/2024\/04\/Detail_Schiebe_623x422.jpg\",\"contentUrl\":\"https:\/\/wp.jakobskrueger.eu\/wp-content\/uploads\/2024\/04\/Detail_Schiebe_623x422.jpg\"},{\"@type\":\"BreadcrumbList\",\"@id\":\"https:\/\/www.jakobskrueger.de\/schiebetueren\/#breadcrumb\",\"itemListElement\":[{\"@type\":\"ListItem\",\"position\":1,\"name\":\"Startseite\",\"item\":\"https:\/\/www.jakobskrueger.de\/\"},{\"@type\":\"ListItem\",\"position\":2,\"name\":\"Schiebet\u00fcren\"}]},{\"@type\":\"WebSite\",\"@id\":\"https:\/\/www.jakobskrueger.de\/#website\",\"url\":\"https:\/\/www.jakobskrueger.de\/\",\"name\":\"Jakobskr\u00fcger Fenster + T\u00fcren\",\"description\":\"\",\"publisher\":{\"@id\":\"https:\/\/www.jakobskrueger.de\/#organization\"},\"potentialAction\":[{\"@type\":\"SearchAction\",\"target\":{\"@type\":\"EntryPoint\",\"urlTemplate\":\"https:\/\/www.jakobskrueger.de\/?s={search_term_string}\"},\"query-input\":{\"@type\":\"PropertyValueSpecification\",\"valueRequired\":true,\"valueName\":\"search_term_string\"}}],\"inLanguage\":\"en-CA\"},{\"@type\":\"Organization\",\"@id\":\"https:\/\/www.jakobskrueger.de\/#organization\",\"name\":\"C. Jakobskr\u00fcger GmbH & Co. KG\",\"alternateName\":\"Jakobskr\u00fcger Fenster + T\u00fcren\",\"url\":\"https:\/\/www.jakobskrueger.de\/\",\"logo\":{\"@type\":\"ImageObject\",\"inLanguage\":\"en-CA\",\"@id\":\"https:\/\/www.jakobskrueger.de\/#\/schema\/logo\/image\/\",\"url\":\"https:\/\/www.jakobskrueger.de\/wp-content\/uploads\/2024\/06\/SEO_Organisations-Logo.jpg\",\"contentUrl\":\"https:\/\/www.jakobskrueger.de\/wp-content\/uploads\/2024\/06\/SEO_Organisations-Logo.jpg\",\"width\":696,\"height\":696,\"caption\":\"C. Jakobskr\u00fcger GmbH & Co. KG\"},\"image\":{\"@id\":\"https:\/\/www.jakobskrueger.de\/#\/schema\/logo\/image\/\"}}]}<\/script>\n<!-- \/ Yoast SEO plugin. -->","yoast_head_json":{"title":"Schiebet\u00fcren - Jakobskr\u00fcger Fenster + T\u00fcren","description":"Schiebet\u00fcren - Reizvolle Lichtblicke Schiebet\u00fcren sind nicht nur im Neubau, sondern auch bei Renovierungen bestens geeignet, eine gro\u00dfz\u00fcgige","robots":{"index":"index","follow":"follow","max-snippet":"max-snippet:-1","max-image-preview":"max-image-preview:large","max-video-preview":"max-video-preview:-1"},"canonical":"https:\/\/www.jakobskrueger.de\/en\/schiebetueren\/","og_locale":"en_US","og_type":"article","og_title":"Schiebet\u00fcren - Jakobskr\u00fcger Fenster + T\u00fcren","og_description":"Schiebet\u00fcren - Reizvolle Lichtblicke Schiebet\u00fcren sind nicht nur im Neubau, sondern auch bei Renovierungen bestens geeignet, eine gro\u00dfz\u00fcgige","og_url":"https:\/\/www.jakobskrueger.de\/en\/schiebetueren\/","og_site_name":"Jakobskr\u00fcger Fenster + T\u00fcren","article_modified_time":"2024-07-04T12:16:17+00:00","og_image":[{"url":"https:\/\/wp.jakobskrueger.eu\/wp-content\/uploads\/2024\/04\/Detail_Schiebe_623x422.jpg","type":"","width":"","height":""}],"twitter_card":"summary_large_image","twitter_misc":{"Est. reading time":"2 minutes"},"schema":{"@context":"https:\/\/schema.org","@graph":[{"@type":"WebPage","@id":"https:\/\/www.jakobskrueger.de\/schiebetueren\/","url":"https:\/\/www.jakobskrueger.de\/schiebetueren\/","name":"Schiebet\u00fcren - Jakobskr\u00fcger Fenster + T\u00fcren","isPartOf":{"@id":"https:\/\/www.jakobskrueger.de\/#website"},"primaryImageOfPage":{"@id":"https:\/\/www.jakobskrueger.de\/schiebetueren\/#primaryimage"},"image":{"@id":"https:\/\/www.jakobskrueger.de\/schiebetueren\/#primaryimage"},"thumbnailUrl":"https:\/\/wp.jakobskrueger.eu\/wp-content\/uploads\/2024\/04\/Detail_Schiebe_623x422.jpg","datePublished":"2024-03-06T11:10:23+00:00","dateModified":"2024-07-04T12:16:17+00:00","description":"Schiebet\u00fcren - Reizvolle Lichtblicke Schiebet\u00fcren sind nicht nur im Neubau, sondern auch bei Renovierungen bestens geeignet, eine gro\u00dfz\u00fcgige","breadcrumb":{"@id":"https:\/\/www.jakobskrueger.de\/schiebetueren\/#breadcrumb"},"inLanguage":"en-CA","potentialAction":[{"@type":"ReadAction","target":["https:\/\/www.jakobskrueger.de\/schiebetueren\/"]}]},{"@type":"ImageObject","inLanguage":"en-CA","@id":"https:\/\/www.jakobskrueger.de\/schiebetueren\/#primaryimage","url":"https:\/\/wp.jakobskrueger.eu\/wp-content\/uploads\/2024\/04\/Detail_Schiebe_623x422.jpg","contentUrl":"https:\/\/wp.jakobskrueger.eu\/wp-content\/uploads\/2024\/04\/Detail_Schiebe_623x422.jpg"},{"@type":"BreadcrumbList","@id":"https:\/\/www.jakobskrueger.de\/schiebetueren\/#breadcrumb","itemListElement":[{"@type":"ListItem","position":1,"name":"Startseite","item":"https:\/\/www.jakobskrueger.de\/"},{"@type":"ListItem","position":2,"name":"Schiebet\u00fcren"}]},{"@type":"WebSite","@id":"https:\/\/www.jakobskrueger.de\/#website","url":"https:\/\/www.jakobskrueger.de\/","name":"Jakobskr\u00fcger Fenster + T\u00fcren","description":"","publisher":{"@id":"https:\/\/www.jakobskrueger.de\/#organization"},"potentialAction":[{"@type":"SearchAction","target":{"@type":"EntryPoint","urlTemplate":"https:\/\/www.jakobskrueger.de\/?s={search_term_string}"},"query-input":{"@type":"PropertyValueSpecification","valueRequired":true,"valueName":"search_term_string"}}],"inLanguage":"en-CA"},{"@type":"Organization","@id":"https:\/\/www.jakobskrueger.de\/#organization","name":"C. Jakobskr\u00fcger GmbH & Co. KG","alternateName":"Jakobskr\u00fcger Fenster + T\u00fcren","url":"https:\/\/www.jakobskrueger.de\/","logo":{"@type":"ImageObject","inLanguage":"en-CA","@id":"https:\/\/www.jakobskrueger.de\/#\/schema\/logo\/image\/","url":"https:\/\/www.jakobskrueger.de\/wp-content\/uploads\/2024\/06\/SEO_Organisations-Logo.jpg","contentUrl":"https:\/\/www.jakobskrueger.de\/wp-content\/uploads\/2024\/06\/SEO_Organisations-Logo.jpg","width":696,"height":696,"caption":"C. Jakobskr\u00fcger GmbH & Co. KG"},"image":{"@id":"https:\/\/www.jakobskrueger.de\/#\/schema\/logo\/image\/"}}]}},"_links":{"self":[{"href":"https:\/\/www.jakobskrueger.de\/en\/wp-json\/wp\/v2\/pages\/264","targetHints":{"allow":["GET"]}}],"collection":[{"href":"https:\/\/www.jakobskrueger.de\/en\/wp-json\/wp\/v2\/pages"}],"about":[{"href":"https:\/\/www.jakobskrueger.de\/en\/wp-json\/wp\/v2\/types\/page"}],"author":[{"embeddable":true,"href":"https:\/\/www.jakobskrueger.de\/en\/wp-json\/wp\/v2\/users\/3"}],"replies":[{"embeddable":true,"href":"https:\/\/www.jakobskrueger.de\/en\/wp-json\/wp\/v2\/comments?post=264"}],"version-history":[{"count":15,"href":"https:\/\/www.jakobskrueger.de\/en\/wp-json\/wp\/v2\/pages\/264\/revisions"}],"predecessor-version":[{"id":2387,"href":"https:\/\/www.jakobskrueger.de\/en\/wp-json\/wp\/v2\/pages\/264\/revisions\/2387"}],"wp:attachment":[{"href":"https:\/\/www.jakobskrueger.de\/en\/wp-json\/wp\/v2\/media?parent=264"}],"curies":[{"name":"wp","href":"https:\/\/api.w.org\/{rel}","templated":true}]}}