{"id":270,"date":"2024-03-06T12:10:38","date_gmt":"2024-03-06T11:10:38","guid":{"rendered":"https:\/\/wp.jakobskrueger.eu\/?page_id=270"},"modified":"2024-07-04T14:18:28","modified_gmt":"2024-07-04T12:18:28","slug":"falttueren","status":"publish","type":"page","link":"https:\/\/www.jakobskrueger.de\/en\/falttueren\/","title":{"rendered":"Folding Doors"},"content":{"rendered":"<div style=\"height:45px\" aria-hidden=\"true\" class=\"wp-block-spacer\"><\/div>\n\n\n<div class=\"yoast-breadcrumbs\"><span><span><a href=\"https:\/\/www.jakobskrueger.de\/en\/\">Home<\/a><\/span> \u00bb <span class=\"breadcrumb_last\" aria-current=\"page\">Folding Doors<\/span><\/span><\/div>\n\n\n<div style=\"height:25px\" aria-hidden=\"true\" class=\"wp-block-spacer\"><\/div>\n\n\n\n<h1 class=\"wp-block-heading\">Folding doors: true masters at saving space<\/h1>\n\n\n\n<p><\/p>\n\n\n\n<p>To separate or connect building openings to the outside area or rooms with each other quickly and in a space-saving manner - requirements that folding door constructions fulfill in an ideal way.<\/p>\n\n\n\n<p>Depending on the area of application - outside or inside - there are system variants that offer perfect solutions: for private homes as well as for commercial properties.<\/p>\n\n\n\n<div class=\"wp-block-columns is-layout-flex wp-container-core-columns-is-layout-9d6595d7 wp-block-columns-is-layout-flex\">\n<div class=\"wp-block-column is-layout-flow wp-block-column-is-layout-flow\" style=\"flex-basis:66.66%\">\n<p>The advantages at a glance<\/p>\n\n\n\n<p>- Minimal space requirement for the open sash packet<\/p>\n\n\n\n<p>- Easy, quick opening and closing<\/p>\n\n\n\n<p>- Convenient operation<\/p>\n\n\n\n<p>- High insulation and sealing technology<\/p>\n\n\n\n<p>- Special exterior and interior series<\/p>\n<\/div>\n<\/div>\n\n\n\n<hr class=\"wp-block-separator has-alpha-channel-opacity\"\/>\n\n\n\n<figure class=\"wp-block-image size-full\"><img loading=\"lazy\" decoding=\"async\" width=\"570\" height=\"320\" src=\"https:\/\/wp.jakobskrueger.eu\/wp-content\/uploads\/2024\/05\/68748_Private-House-Antwerp-8_1.webp\" alt=\"Unsere Faltt\u00fcren - Platzsparend, praktisch, modern - \" class=\"wp-image-2018\" srcset=\"https:\/\/www.jakobskrueger.de\/wp-content\/uploads\/2024\/05\/68748_Private-House-Antwerp-8_1.webp 570w, https:\/\/www.jakobskrueger.de\/wp-content\/uploads\/2024\/05\/68748_Private-House-Antwerp-8_1-300x168.webp 300w, https:\/\/www.jakobskrueger.de\/wp-content\/uploads\/2024\/05\/68748_Private-House-Antwerp-8_1-18x10.webp 18w\" sizes=\"auto, (max-width: 570px) 100vw, 570px\" \/><\/figure>\n\n\n\n<p><\/p>","protected":false},"excerpt":{"rendered":"<p>Faltt\u00fcren: Wahre Meister im Platz sparen Geb\u00e4ude\u00f6ffnungen zum Au\u00dfenbereich oder R\u00e4umlichkeiten untereinander schnell und platzsparend zu trennen oder zu verbinden &#8211; Anforderungen, die Faltt\u00fcr-Konstruktionen in idealer Weise erf\u00fcllen. Je nach Einsatzbereich \u2013 au\u00dfen oder innen \u2013 gibt es System-Varianten, die perfekte L\u00f6sungen bieten: f\u00fcr den privaten Wohnbereich ebenso wie f\u00fcr gewerbliche Objekte. Die Vorteile auf&hellip;&nbsp;<a href=\"https:\/\/www.jakobskrueger.de\/en\/falttueren\/\" class=\"\" rel=\"bookmark\">Read More &raquo;<span class=\"screen-reader-text\">Folding Doors<\/span><\/a><\/p>","protected":false},"author":3,"featured_media":0,"parent":0,"menu_order":0,"comment_status":"closed","ping_status":"closed","template":"","meta":{"neve_meta_sidebar":"","neve_meta_container":"","neve_meta_enable_content_width":"","neve_meta_content_width":0,"neve_meta_title_alignment":"","neve_meta_author_avatar":"","neve_post_elements_order":"","neve_meta_disable_header":"","neve_meta_disable_footer":"","neve_meta_disable_title":"on","footnotes":""},"class_list":["post-270","page","type-page","status-publish","hentry"],"yoast_head":"<!-- This site is optimized with the Yoast SEO plugin v26.4 - https:\/\/yoast.com\/wordpress\/plugins\/seo\/ -->\n<title>Faltt\u00fcren - Jakobskr\u00fcger Fenster + T\u00fcren<\/title>\n<meta name=\"description\" content=\"Faltt\u00fcren: Wahre Meister im Platz sparen Geb\u00e4ude\u00f6ffnungen zum Au\u00dfenbereich oder R\u00e4umlichkeiten untereinander schnell und platzsparend zu trennen oder zu\" \/>\n<meta name=\"robots\" content=\"index, follow, max-snippet:-1, max-image-preview:large, max-video-preview:-1\" \/>\n<link rel=\"canonical\" href=\"https:\/\/www.jakobskrueger.de\/en\/falttueren\/\" \/>\n<meta property=\"og:locale\" content=\"en_US\" \/>\n<meta property=\"og:type\" content=\"article\" \/>\n<meta property=\"og:title\" content=\"Faltt\u00fcren - Jakobskr\u00fcger Fenster + T\u00fcren\" \/>\n<meta property=\"og:description\" content=\"Faltt\u00fcren: Wahre Meister im Platz sparen Geb\u00e4ude\u00f6ffnungen zum Au\u00dfenbereich oder R\u00e4umlichkeiten untereinander schnell und platzsparend zu trennen oder zu\" \/>\n<meta property=\"og:url\" content=\"https:\/\/www.jakobskrueger.de\/en\/falttueren\/\" \/>\n<meta property=\"og:site_name\" content=\"Jakobskr\u00fcger Fenster + T\u00fcren\" \/>\n<meta property=\"article:modified_time\" content=\"2024-07-04T12:18:28+00:00\" \/>\n<meta property=\"og:image\" content=\"https:\/\/wp.jakobskrueger.eu\/wp-content\/uploads\/2024\/05\/68748_Private-House-Antwerp-8_1.webp\" \/>\n<meta name=\"twitter:card\" content=\"summary_large_image\" \/>\n<meta name=\"twitter:label1\" content=\"Est. reading time\" \/>\n\t<meta name=\"twitter:data1\" content=\"1 minute\" \/>\n<script type=\"application\/ld+json\" class=\"yoast-schema-graph\">{\"@context\":\"https:\/\/schema.org\",\"@graph\":[{\"@type\":\"WebPage\",\"@id\":\"https:\/\/www.jakobskrueger.de\/falttueren\/\",\"url\":\"https:\/\/www.jakobskrueger.de\/falttueren\/\",\"name\":\"Faltt\u00fcren - Jakobskr\u00fcger Fenster + T\u00fcren\",\"isPartOf\":{\"@id\":\"https:\/\/www.jakobskrueger.de\/#website\"},\"primaryImageOfPage\":{\"@id\":\"https:\/\/www.jakobskrueger.de\/falttueren\/#primaryimage\"},\"image\":{\"@id\":\"https:\/\/www.jakobskrueger.de\/falttueren\/#primaryimage\"},\"thumbnailUrl\":\"https:\/\/wp.jakobskrueger.eu\/wp-content\/uploads\/2024\/05\/68748_Private-House-Antwerp-8_1.webp\",\"datePublished\":\"2024-03-06T11:10:38+00:00\",\"dateModified\":\"2024-07-04T12:18:28+00:00\",\"description\":\"Faltt\u00fcren: Wahre Meister im Platz sparen Geb\u00e4ude\u00f6ffnungen zum Au\u00dfenbereich oder R\u00e4umlichkeiten untereinander schnell und platzsparend zu trennen oder zu\",\"breadcrumb\":{\"@id\":\"https:\/\/www.jakobskrueger.de\/falttueren\/#breadcrumb\"},\"inLanguage\":\"en-CA\",\"potentialAction\":[{\"@type\":\"ReadAction\",\"target\":[\"https:\/\/www.jakobskrueger.de\/falttueren\/\"]}]},{\"@type\":\"ImageObject\",\"inLanguage\":\"en-CA\",\"@id\":\"https:\/\/www.jakobskrueger.de\/falttueren\/#primaryimage\",\"url\":\"https:\/\/wp.jakobskrueger.eu\/wp-content\/uploads\/2024\/05\/68748_Private-House-Antwerp-8_1.webp\",\"contentUrl\":\"https:\/\/wp.jakobskrueger.eu\/wp-content\/uploads\/2024\/05\/68748_Private-House-Antwerp-8_1.webp\"},{\"@type\":\"BreadcrumbList\",\"@id\":\"https:\/\/www.jakobskrueger.de\/falttueren\/#breadcrumb\",\"itemListElement\":[{\"@type\":\"ListItem\",\"position\":1,\"name\":\"Startseite\",\"item\":\"https:\/\/www.jakobskrueger.de\/\"},{\"@type\":\"ListItem\",\"position\":2,\"name\":\"Faltt\u00fcren\"}]},{\"@type\":\"WebSite\",\"@id\":\"https:\/\/www.jakobskrueger.de\/#website\",\"url\":\"https:\/\/www.jakobskrueger.de\/\",\"name\":\"Jakobskr\u00fcger Fenster + T\u00fcren\",\"description\":\"\",\"publisher\":{\"@id\":\"https:\/\/www.jakobskrueger.de\/#organization\"},\"potentialAction\":[{\"@type\":\"SearchAction\",\"target\":{\"@type\":\"EntryPoint\",\"urlTemplate\":\"https:\/\/www.jakobskrueger.de\/?s={search_term_string}\"},\"query-input\":{\"@type\":\"PropertyValueSpecification\",\"valueRequired\":true,\"valueName\":\"search_term_string\"}}],\"inLanguage\":\"en-CA\"},{\"@type\":\"Organization\",\"@id\":\"https:\/\/www.jakobskrueger.de\/#organization\",\"name\":\"C. Jakobskr\u00fcger GmbH & Co. KG\",\"alternateName\":\"Jakobskr\u00fcger Fenster + T\u00fcren\",\"url\":\"https:\/\/www.jakobskrueger.de\/\",\"logo\":{\"@type\":\"ImageObject\",\"inLanguage\":\"en-CA\",\"@id\":\"https:\/\/www.jakobskrueger.de\/#\/schema\/logo\/image\/\",\"url\":\"https:\/\/www.jakobskrueger.de\/wp-content\/uploads\/2024\/06\/SEO_Organisations-Logo.jpg\",\"contentUrl\":\"https:\/\/www.jakobskrueger.de\/wp-content\/uploads\/2024\/06\/SEO_Organisations-Logo.jpg\",\"width\":696,\"height\":696,\"caption\":\"C. Jakobskr\u00fcger GmbH & Co. KG\"},\"image\":{\"@id\":\"https:\/\/www.jakobskrueger.de\/#\/schema\/logo\/image\/\"}}]}<\/script>\n<!-- \/ Yoast SEO plugin. -->","yoast_head_json":{"title":"Faltt\u00fcren - Jakobskr\u00fcger Fenster + T\u00fcren","description":"Faltt\u00fcren: Wahre Meister im Platz sparen Geb\u00e4ude\u00f6ffnungen zum Au\u00dfenbereich oder R\u00e4umlichkeiten untereinander schnell und platzsparend zu trennen oder zu","robots":{"index":"index","follow":"follow","max-snippet":"max-snippet:-1","max-image-preview":"max-image-preview:large","max-video-preview":"max-video-preview:-1"},"canonical":"https:\/\/www.jakobskrueger.de\/en\/falttueren\/","og_locale":"en_US","og_type":"article","og_title":"Faltt\u00fcren - Jakobskr\u00fcger Fenster + T\u00fcren","og_description":"Faltt\u00fcren: Wahre Meister im Platz sparen Geb\u00e4ude\u00f6ffnungen zum Au\u00dfenbereich oder R\u00e4umlichkeiten untereinander schnell und platzsparend zu trennen oder zu","og_url":"https:\/\/www.jakobskrueger.de\/en\/falttueren\/","og_site_name":"Jakobskr\u00fcger Fenster + T\u00fcren","article_modified_time":"2024-07-04T12:18:28+00:00","og_image":[{"url":"https:\/\/wp.jakobskrueger.eu\/wp-content\/uploads\/2024\/05\/68748_Private-House-Antwerp-8_1.webp","type":"","width":"","height":""}],"twitter_card":"summary_large_image","twitter_misc":{"Est. reading time":"1 minute"},"schema":{"@context":"https:\/\/schema.org","@graph":[{"@type":"WebPage","@id":"https:\/\/www.jakobskrueger.de\/falttueren\/","url":"https:\/\/www.jakobskrueger.de\/falttueren\/","name":"Faltt\u00fcren - Jakobskr\u00fcger Fenster + T\u00fcren","isPartOf":{"@id":"https:\/\/www.jakobskrueger.de\/#website"},"primaryImageOfPage":{"@id":"https:\/\/www.jakobskrueger.de\/falttueren\/#primaryimage"},"image":{"@id":"https:\/\/www.jakobskrueger.de\/falttueren\/#primaryimage"},"thumbnailUrl":"https:\/\/wp.jakobskrueger.eu\/wp-content\/uploads\/2024\/05\/68748_Private-House-Antwerp-8_1.webp","datePublished":"2024-03-06T11:10:38+00:00","dateModified":"2024-07-04T12:18:28+00:00","description":"Faltt\u00fcren: Wahre Meister im Platz sparen Geb\u00e4ude\u00f6ffnungen zum Au\u00dfenbereich oder R\u00e4umlichkeiten untereinander schnell und platzsparend zu trennen oder zu","breadcrumb":{"@id":"https:\/\/www.jakobskrueger.de\/falttueren\/#breadcrumb"},"inLanguage":"en-CA","potentialAction":[{"@type":"ReadAction","target":["https:\/\/www.jakobskrueger.de\/falttueren\/"]}]},{"@type":"ImageObject","inLanguage":"en-CA","@id":"https:\/\/www.jakobskrueger.de\/falttueren\/#primaryimage","url":"https:\/\/wp.jakobskrueger.eu\/wp-content\/uploads\/2024\/05\/68748_Private-House-Antwerp-8_1.webp","contentUrl":"https:\/\/wp.jakobskrueger.eu\/wp-content\/uploads\/2024\/05\/68748_Private-House-Antwerp-8_1.webp"},{"@type":"BreadcrumbList","@id":"https:\/\/www.jakobskrueger.de\/falttueren\/#breadcrumb","itemListElement":[{"@type":"ListItem","position":1,"name":"Startseite","item":"https:\/\/www.jakobskrueger.de\/"},{"@type":"ListItem","position":2,"name":"Faltt\u00fcren"}]},{"@type":"WebSite","@id":"https:\/\/www.jakobskrueger.de\/#website","url":"https:\/\/www.jakobskrueger.de\/","name":"Jakobskr\u00fcger Fenster + T\u00fcren","description":"","publisher":{"@id":"https:\/\/www.jakobskrueger.de\/#organization"},"potentialAction":[{"@type":"SearchAction","target":{"@type":"EntryPoint","urlTemplate":"https:\/\/www.jakobskrueger.de\/?s={search_term_string}"},"query-input":{"@type":"PropertyValueSpecification","valueRequired":true,"valueName":"search_term_string"}}],"inLanguage":"en-CA"},{"@type":"Organization","@id":"https:\/\/www.jakobskrueger.de\/#organization","name":"C. Jakobskr\u00fcger GmbH & Co. KG","alternateName":"Jakobskr\u00fcger Fenster + T\u00fcren","url":"https:\/\/www.jakobskrueger.de\/","logo":{"@type":"ImageObject","inLanguage":"en-CA","@id":"https:\/\/www.jakobskrueger.de\/#\/schema\/logo\/image\/","url":"https:\/\/www.jakobskrueger.de\/wp-content\/uploads\/2024\/06\/SEO_Organisations-Logo.jpg","contentUrl":"https:\/\/www.jakobskrueger.de\/wp-content\/uploads\/2024\/06\/SEO_Organisations-Logo.jpg","width":696,"height":696,"caption":"C. Jakobskr\u00fcger GmbH & Co. KG"},"image":{"@id":"https:\/\/www.jakobskrueger.de\/#\/schema\/logo\/image\/"}}]}},"_links":{"self":[{"href":"https:\/\/www.jakobskrueger.de\/en\/wp-json\/wp\/v2\/pages\/270","targetHints":{"allow":["GET"]}}],"collection":[{"href":"https:\/\/www.jakobskrueger.de\/en\/wp-json\/wp\/v2\/pages"}],"about":[{"href":"https:\/\/www.jakobskrueger.de\/en\/wp-json\/wp\/v2\/types\/page"}],"author":[{"embeddable":true,"href":"https:\/\/www.jakobskrueger.de\/en\/wp-json\/wp\/v2\/users\/3"}],"replies":[{"embeddable":true,"href":"https:\/\/www.jakobskrueger.de\/en\/wp-json\/wp\/v2\/comments?post=270"}],"version-history":[{"count":11,"href":"https:\/\/www.jakobskrueger.de\/en\/wp-json\/wp\/v2\/pages\/270\/revisions"}],"predecessor-version":[{"id":2402,"href":"https:\/\/www.jakobskrueger.de\/en\/wp-json\/wp\/v2\/pages\/270\/revisions\/2402"}],"wp:attachment":[{"href":"https:\/\/www.jakobskrueger.de\/en\/wp-json\/wp\/v2\/media?parent=270"}],"curies":[{"name":"wp","href":"https:\/\/api.w.org\/{rel}","templated":true}]}}