{"id":276,"date":"2024-03-06T12:10:50","date_gmt":"2024-03-06T11:10:50","guid":{"rendered":"https:\/\/wp.jakobskrueger.eu\/?page_id=276"},"modified":"2024-07-04T14:19:15","modified_gmt":"2024-07-04T12:19:15","slug":"fassaden","status":"publish","type":"page","link":"https:\/\/www.jakobskrueger.de\/en\/fassaden\/","title":{"rendered":"Curtain wall"},"content":{"rendered":"<div style=\"height:45px\" aria-hidden=\"true\" class=\"wp-block-spacer\"><\/div>\n\n\n<div class=\"yoast-breadcrumbs\"><span><span><a href=\"https:\/\/www.jakobskrueger.de\/en\/\">Home<\/a><\/span> \u00bb <span class=\"breadcrumb_last\" aria-current=\"page\">Curtain wall<\/span><\/span><\/div>\n\n\n<div style=\"height:25px\" aria-hidden=\"true\" class=\"wp-block-spacer\"><\/div>\n\n\n\n<h2 class=\"wp-block-heading\">Combinations of creativity and high-tech<\/h2>\n\n\n\n<div class=\"wp-block-columns is-layout-flex wp-container-core-columns-is-layout-9d6595d7 wp-block-columns-is-layout-flex\">\n<div class=\"wp-block-column is-layout-flow wp-block-column-is-layout-flow\">\n<p><\/p>\n\n\n\n<p>Fa\u00e7ades are the central element in the planning and design of building envelopes. We offer a variety of systems that allow even the most innovative fa\u00e7ade concepts to be realized with architectural confidence: from visually perfect window fa\u00e7ades to impressive all-glass constructions and high-tech synergy fa\u00e7ades.<\/p>\n\n\n\n<p>The comprehensive range of profile systems can be used to design a wide variety of fa\u00e7ades. The versatile options within the systems offer architects and planners a great deal of creative freedom. And special solutions, based on tested systems, can of course also be realized.<\/p>\n<\/div>\n\n\n\n<div class=\"wp-block-column is-layout-flow wp-block-column-is-layout-flow\">\n<figure class=\"wp-block-gallery has-nested-images columns-default is-cropped wp-block-gallery-1 is-layout-flex wp-block-gallery-is-layout-flex\">\n<figure class=\"wp-block-image size-full\"><img loading=\"lazy\" decoding=\"async\" width=\"318\" height=\"442\" data-id=\"1828\" src=\"https:\/\/wp.jakobskrueger.eu\/wp-content\/uploads\/2024\/04\/Screenshot-2024-04-16-134528.jpg\" alt=\"Fassaden\" class=\"wp-image-1828\" srcset=\"https:\/\/www.jakobskrueger.de\/wp-content\/uploads\/2024\/04\/Screenshot-2024-04-16-134528.jpg 318w, https:\/\/www.jakobskrueger.de\/wp-content\/uploads\/2024\/04\/Screenshot-2024-04-16-134528-216x300.jpg 216w, https:\/\/www.jakobskrueger.de\/wp-content\/uploads\/2024\/04\/Screenshot-2024-04-16-134528-9x12.jpg 9w\" sizes=\"auto, (max-width: 318px) 100vw, 318px\" \/><\/figure>\n\n\n\n<figure class=\"wp-block-image size-large\"><img loading=\"lazy\" decoding=\"async\" width=\"768\" height=\"1024\" data-id=\"1834\" src=\"https:\/\/wp.jakobskrueger.eu\/wp-content\/uploads\/2024\/04\/20070616_0016-768x1024.jpg\" alt=\"\" class=\"wp-image-1834\" srcset=\"https:\/\/www.jakobskrueger.de\/wp-content\/uploads\/2024\/04\/20070616_0016-768x1024.jpg 768w, https:\/\/www.jakobskrueger.de\/wp-content\/uploads\/2024\/04\/20070616_0016-225x300.jpg 225w, https:\/\/www.jakobskrueger.de\/wp-content\/uploads\/2024\/04\/20070616_0016-1152x1536.jpg 1152w, https:\/\/www.jakobskrueger.de\/wp-content\/uploads\/2024\/04\/20070616_0016-9x12.jpg 9w, https:\/\/www.jakobskrueger.de\/wp-content\/uploads\/2024\/04\/20070616_0016.jpg 1536w\" sizes=\"auto, (max-width: 768px) 100vw, 768px\" \/><\/figure>\n<\/figure>\n<\/div>\n<\/div>\n\n\n\n<h2 class=\"wp-block-heading\">The advantages at a glance:<\/h2>\n\n\n\n<div class=\"wp-block-columns is-layout-flex wp-container-core-columns-is-layout-9d6595d7 wp-block-columns-is-layout-flex\">\n<div class=\"wp-block-column is-layout-flow wp-block-column-is-layout-flow\">\n<p><br>- Complete profile systems<\/p>\n\n\n\n<p>- Window elements in all opening types<\/p>\n\n\n\n<p>- Fixed and movable sun shading systems<\/p>\n<\/div>\n\n\n\n<div class=\"wp-block-column is-layout-flow wp-block-column-is-layout-flow\">\n<p><br>- State-of-the-art fire and smoke protection technology<\/p>\n\n\n\n<p>- Fa\u00e7ade constructions possible for all resistance classes<\/p>\n\n\n\n<p>- Versatile design thanks to a wide range of aluminum cover shells<\/p>\n<\/div>\n<\/div>","protected":false},"excerpt":{"rendered":"<p>Kombinationen aus Kreativit\u00e4t und Hightech Fassaden sind das zentrale Element bei der Planung und Gestaltung von Geb\u00e4udeh\u00fcllen. Hier bieten wir eine System-Vielfalt, mit der sich auch innovativste Fassadenkonzepte architektonisch souver\u00e4n realisieren lassen: von optisch perfekten Fenster Fassaden \u00fcber imposante Ganzglas-Konstruktionen bis zu Hightech-Synergie-Fassaden. Mit dem umfassenden Programm an Profil-Systemen lassen sich konzeptionell die unterschiedlichsten Fassaden&hellip;&nbsp;<a href=\"https:\/\/www.jakobskrueger.de\/en\/fassaden\/\" class=\"\" rel=\"bookmark\">Read More &raquo;<span class=\"screen-reader-text\">Curtain wall<\/span><\/a><\/p>","protected":false},"author":3,"featured_media":0,"parent":0,"menu_order":0,"comment_status":"closed","ping_status":"closed","template":"","meta":{"neve_meta_sidebar":"","neve_meta_container":"","neve_meta_enable_content_width":"","neve_meta_content_width":0,"neve_meta_title_alignment":"","neve_meta_author_avatar":"","neve_post_elements_order":"","neve_meta_disable_header":"","neve_meta_disable_footer":"","neve_meta_disable_title":"on","footnotes":""},"class_list":["post-276","page","type-page","status-publish","hentry"],"yoast_head":"<!-- This site is optimized with the Yoast SEO plugin v26.4 - https:\/\/yoast.com\/wordpress\/plugins\/seo\/ -->\n<title>Fassaden - Jakobskr\u00fcger Fenster + T\u00fcren<\/title>\n<meta name=\"description\" content=\"Kombinationen aus Kreativit\u00e4t und Hightech Fassaden sind das zentrale Element bei der Planung und Gestaltung von Geb\u00e4udeh\u00fcllen. Hier bieten wir eine\" \/>\n<meta name=\"robots\" content=\"index, follow, max-snippet:-1, max-image-preview:large, max-video-preview:-1\" \/>\n<link rel=\"canonical\" href=\"https:\/\/www.jakobskrueger.de\/en\/fassaden\/\" \/>\n<meta property=\"og:locale\" content=\"en_US\" \/>\n<meta property=\"og:type\" content=\"article\" \/>\n<meta property=\"og:title\" content=\"Fassaden - Jakobskr\u00fcger Fenster + T\u00fcren\" \/>\n<meta property=\"og:description\" content=\"Kombinationen aus Kreativit\u00e4t und Hightech Fassaden sind das zentrale Element bei der Planung und Gestaltung von Geb\u00e4udeh\u00fcllen. Hier bieten wir eine\" \/>\n<meta property=\"og:url\" content=\"https:\/\/www.jakobskrueger.de\/en\/fassaden\/\" \/>\n<meta property=\"og:site_name\" content=\"Jakobskr\u00fcger Fenster + T\u00fcren\" \/>\n<meta property=\"article:modified_time\" content=\"2024-07-04T12:19:15+00:00\" \/>\n<meta property=\"og:image\" content=\"https:\/\/wp.jakobskrueger.eu\/wp-content\/uploads\/2024\/04\/Screenshot-2024-04-16-134528.jpg\" \/>\n<meta name=\"twitter:card\" content=\"summary_large_image\" \/>\n<meta name=\"twitter:label1\" content=\"Est. reading time\" \/>\n\t<meta name=\"twitter:data1\" content=\"2 minutes\" \/>\n<script type=\"application\/ld+json\" class=\"yoast-schema-graph\">{\"@context\":\"https:\/\/schema.org\",\"@graph\":[{\"@type\":\"WebPage\",\"@id\":\"https:\/\/www.jakobskrueger.de\/fassaden\/\",\"url\":\"https:\/\/www.jakobskrueger.de\/fassaden\/\",\"name\":\"Fassaden - Jakobskr\u00fcger Fenster + T\u00fcren\",\"isPartOf\":{\"@id\":\"https:\/\/www.jakobskrueger.de\/#website\"},\"primaryImageOfPage\":{\"@id\":\"https:\/\/www.jakobskrueger.de\/fassaden\/#primaryimage\"},\"image\":{\"@id\":\"https:\/\/www.jakobskrueger.de\/fassaden\/#primaryimage\"},\"thumbnailUrl\":\"https:\/\/wp.jakobskrueger.eu\/wp-content\/uploads\/2024\/04\/Screenshot-2024-04-16-134528.jpg\",\"datePublished\":\"2024-03-06T11:10:50+00:00\",\"dateModified\":\"2024-07-04T12:19:15+00:00\",\"description\":\"Kombinationen aus Kreativit\u00e4t und Hightech Fassaden sind das zentrale Element bei der Planung und Gestaltung von Geb\u00e4udeh\u00fcllen. Hier bieten wir eine\",\"breadcrumb\":{\"@id\":\"https:\/\/www.jakobskrueger.de\/fassaden\/#breadcrumb\"},\"inLanguage\":\"en-CA\",\"potentialAction\":[{\"@type\":\"ReadAction\",\"target\":[\"https:\/\/www.jakobskrueger.de\/fassaden\/\"]}]},{\"@type\":\"ImageObject\",\"inLanguage\":\"en-CA\",\"@id\":\"https:\/\/www.jakobskrueger.de\/fassaden\/#primaryimage\",\"url\":\"https:\/\/wp.jakobskrueger.eu\/wp-content\/uploads\/2024\/04\/Screenshot-2024-04-16-134528.jpg\",\"contentUrl\":\"https:\/\/wp.jakobskrueger.eu\/wp-content\/uploads\/2024\/04\/Screenshot-2024-04-16-134528.jpg\"},{\"@type\":\"BreadcrumbList\",\"@id\":\"https:\/\/www.jakobskrueger.de\/fassaden\/#breadcrumb\",\"itemListElement\":[{\"@type\":\"ListItem\",\"position\":1,\"name\":\"Startseite\",\"item\":\"https:\/\/www.jakobskrueger.de\/\"},{\"@type\":\"ListItem\",\"position\":2,\"name\":\"Fassaden\"}]},{\"@type\":\"WebSite\",\"@id\":\"https:\/\/www.jakobskrueger.de\/#website\",\"url\":\"https:\/\/www.jakobskrueger.de\/\",\"name\":\"Jakobskr\u00fcger Fenster + T\u00fcren\",\"description\":\"\",\"publisher\":{\"@id\":\"https:\/\/www.jakobskrueger.de\/#organization\"},\"potentialAction\":[{\"@type\":\"SearchAction\",\"target\":{\"@type\":\"EntryPoint\",\"urlTemplate\":\"https:\/\/www.jakobskrueger.de\/?s={search_term_string}\"},\"query-input\":{\"@type\":\"PropertyValueSpecification\",\"valueRequired\":true,\"valueName\":\"search_term_string\"}}],\"inLanguage\":\"en-CA\"},{\"@type\":\"Organization\",\"@id\":\"https:\/\/www.jakobskrueger.de\/#organization\",\"name\":\"C. Jakobskr\u00fcger GmbH & Co. KG\",\"alternateName\":\"Jakobskr\u00fcger Fenster + T\u00fcren\",\"url\":\"https:\/\/www.jakobskrueger.de\/\",\"logo\":{\"@type\":\"ImageObject\",\"inLanguage\":\"en-CA\",\"@id\":\"https:\/\/www.jakobskrueger.de\/#\/schema\/logo\/image\/\",\"url\":\"https:\/\/www.jakobskrueger.de\/wp-content\/uploads\/2024\/06\/SEO_Organisations-Logo.jpg\",\"contentUrl\":\"https:\/\/www.jakobskrueger.de\/wp-content\/uploads\/2024\/06\/SEO_Organisations-Logo.jpg\",\"width\":696,\"height\":696,\"caption\":\"C. Jakobskr\u00fcger GmbH & Co. KG\"},\"image\":{\"@id\":\"https:\/\/www.jakobskrueger.de\/#\/schema\/logo\/image\/\"}}]}<\/script>\n<!-- \/ Yoast SEO plugin. -->","yoast_head_json":{"title":"Fassaden - Jakobskr\u00fcger Fenster + T\u00fcren","description":"Kombinationen aus Kreativit\u00e4t und Hightech Fassaden sind das zentrale Element bei der Planung und Gestaltung von Geb\u00e4udeh\u00fcllen. Hier bieten wir eine","robots":{"index":"index","follow":"follow","max-snippet":"max-snippet:-1","max-image-preview":"max-image-preview:large","max-video-preview":"max-video-preview:-1"},"canonical":"https:\/\/www.jakobskrueger.de\/en\/fassaden\/","og_locale":"en_US","og_type":"article","og_title":"Fassaden - Jakobskr\u00fcger Fenster + T\u00fcren","og_description":"Kombinationen aus Kreativit\u00e4t und Hightech Fassaden sind das zentrale Element bei der Planung und Gestaltung von Geb\u00e4udeh\u00fcllen. Hier bieten wir eine","og_url":"https:\/\/www.jakobskrueger.de\/en\/fassaden\/","og_site_name":"Jakobskr\u00fcger Fenster + T\u00fcren","article_modified_time":"2024-07-04T12:19:15+00:00","og_image":[{"url":"https:\/\/wp.jakobskrueger.eu\/wp-content\/uploads\/2024\/04\/Screenshot-2024-04-16-134528.jpg","type":"","width":"","height":""}],"twitter_card":"summary_large_image","twitter_misc":{"Est. reading time":"2 minutes"},"schema":{"@context":"https:\/\/schema.org","@graph":[{"@type":"WebPage","@id":"https:\/\/www.jakobskrueger.de\/fassaden\/","url":"https:\/\/www.jakobskrueger.de\/fassaden\/","name":"Fassaden - Jakobskr\u00fcger Fenster + T\u00fcren","isPartOf":{"@id":"https:\/\/www.jakobskrueger.de\/#website"},"primaryImageOfPage":{"@id":"https:\/\/www.jakobskrueger.de\/fassaden\/#primaryimage"},"image":{"@id":"https:\/\/www.jakobskrueger.de\/fassaden\/#primaryimage"},"thumbnailUrl":"https:\/\/wp.jakobskrueger.eu\/wp-content\/uploads\/2024\/04\/Screenshot-2024-04-16-134528.jpg","datePublished":"2024-03-06T11:10:50+00:00","dateModified":"2024-07-04T12:19:15+00:00","description":"Kombinationen aus Kreativit\u00e4t und Hightech Fassaden sind das zentrale Element bei der Planung und Gestaltung von Geb\u00e4udeh\u00fcllen. Hier bieten wir eine","breadcrumb":{"@id":"https:\/\/www.jakobskrueger.de\/fassaden\/#breadcrumb"},"inLanguage":"en-CA","potentialAction":[{"@type":"ReadAction","target":["https:\/\/www.jakobskrueger.de\/fassaden\/"]}]},{"@type":"ImageObject","inLanguage":"en-CA","@id":"https:\/\/www.jakobskrueger.de\/fassaden\/#primaryimage","url":"https:\/\/wp.jakobskrueger.eu\/wp-content\/uploads\/2024\/04\/Screenshot-2024-04-16-134528.jpg","contentUrl":"https:\/\/wp.jakobskrueger.eu\/wp-content\/uploads\/2024\/04\/Screenshot-2024-04-16-134528.jpg"},{"@type":"BreadcrumbList","@id":"https:\/\/www.jakobskrueger.de\/fassaden\/#breadcrumb","itemListElement":[{"@type":"ListItem","position":1,"name":"Startseite","item":"https:\/\/www.jakobskrueger.de\/"},{"@type":"ListItem","position":2,"name":"Fassaden"}]},{"@type":"WebSite","@id":"https:\/\/www.jakobskrueger.de\/#website","url":"https:\/\/www.jakobskrueger.de\/","name":"Jakobskr\u00fcger Fenster + T\u00fcren","description":"","publisher":{"@id":"https:\/\/www.jakobskrueger.de\/#organization"},"potentialAction":[{"@type":"SearchAction","target":{"@type":"EntryPoint","urlTemplate":"https:\/\/www.jakobskrueger.de\/?s={search_term_string}"},"query-input":{"@type":"PropertyValueSpecification","valueRequired":true,"valueName":"search_term_string"}}],"inLanguage":"en-CA"},{"@type":"Organization","@id":"https:\/\/www.jakobskrueger.de\/#organization","name":"C. Jakobskr\u00fcger GmbH & Co. KG","alternateName":"Jakobskr\u00fcger Fenster + T\u00fcren","url":"https:\/\/www.jakobskrueger.de\/","logo":{"@type":"ImageObject","inLanguage":"en-CA","@id":"https:\/\/www.jakobskrueger.de\/#\/schema\/logo\/image\/","url":"https:\/\/www.jakobskrueger.de\/wp-content\/uploads\/2024\/06\/SEO_Organisations-Logo.jpg","contentUrl":"https:\/\/www.jakobskrueger.de\/wp-content\/uploads\/2024\/06\/SEO_Organisations-Logo.jpg","width":696,"height":696,"caption":"C. Jakobskr\u00fcger GmbH & Co. KG"},"image":{"@id":"https:\/\/www.jakobskrueger.de\/#\/schema\/logo\/image\/"}}]}},"_links":{"self":[{"href":"https:\/\/www.jakobskrueger.de\/en\/wp-json\/wp\/v2\/pages\/276","targetHints":{"allow":["GET"]}}],"collection":[{"href":"https:\/\/www.jakobskrueger.de\/en\/wp-json\/wp\/v2\/pages"}],"about":[{"href":"https:\/\/www.jakobskrueger.de\/en\/wp-json\/wp\/v2\/types\/page"}],"author":[{"embeddable":true,"href":"https:\/\/www.jakobskrueger.de\/en\/wp-json\/wp\/v2\/users\/3"}],"replies":[{"embeddable":true,"href":"https:\/\/www.jakobskrueger.de\/en\/wp-json\/wp\/v2\/comments?post=276"}],"version-history":[{"count":12,"href":"https:\/\/www.jakobskrueger.de\/en\/wp-json\/wp\/v2\/pages\/276\/revisions"}],"predecessor-version":[{"id":2405,"href":"https:\/\/www.jakobskrueger.de\/en\/wp-json\/wp\/v2\/pages\/276\/revisions\/2405"}],"wp:attachment":[{"href":"https:\/\/www.jakobskrueger.de\/en\/wp-json\/wp\/v2\/media?parent=276"}],"curies":[{"name":"wp","href":"https:\/\/api.w.org\/{rel}","templated":true}]}}