{"id":51,"date":"2024-03-05T15:47:03","date_gmt":"2024-03-05T14:47:03","guid":{"rendered":"https:\/\/wp.jakobskrueger.eu\/?page_id=51"},"modified":"2024-06-26T14:32:37","modified_gmt":"2024-06-26T12:32:37","slug":"produkte","status":"publish","type":"page","link":"https:\/\/www.jakobskrueger.de\/en\/produkte\/","title":{"rendered":"Products"},"content":{"rendered":"<div style=\"height:100px\" aria-hidden=\"true\" class=\"wp-block-spacer\"><\/div>\n\n\n\n<div class=\"wp-block-columns is-layout-flex wp-container-core-columns-is-layout-9d6595d7 wp-block-columns-is-layout-flex\">\n<div class=\"wp-block-column is-layout-flow wp-block-column-is-layout-flow\">\n<div class=\"wp-block-cover is-light has-nv-c-2-color has-text-color has-link-color wp-elements-babdb2f416cf8315f22a57b2c1a7b6f6\" style=\"border-style:none;border-width:0px;border-radius:0px;padding-right:0;padding-left:0;min-height:430px;aspect-ratio:unset;\"><span aria-hidden=\"true\" class=\"wp-block-cover__background has-nv-dark-bg-background-color has-background-dim-0 has-background-dim\"><\/span><img loading=\"lazy\" decoding=\"async\" width=\"2560\" height=\"1920\" class=\"wp-block-cover__image-background wp-image-300\" alt=\"Hier sehen sie ein Beispiel f\u00fcr eines unserer Produkte: unsere Haust\u00fcren in Grau \u2013 verf\u00fcgbar in vielen verschiedenen Ausf\u00fchrungen und Farben\" src=\"https:\/\/wp.jakobskrueger.eu\/wp-content\/uploads\/2024\/03\/IMG_7783-1-scaled.jpeg\" data-object-fit=\"cover\" srcset=\"https:\/\/www.jakobskrueger.de\/wp-content\/uploads\/2024\/03\/IMG_7783-1-scaled.jpeg 2560w, https:\/\/www.jakobskrueger.de\/wp-content\/uploads\/2024\/03\/IMG_7783-1-300x225.jpeg 300w, https:\/\/www.jakobskrueger.de\/wp-content\/uploads\/2024\/03\/IMG_7783-1-1024x768.jpeg 1024w, https:\/\/www.jakobskrueger.de\/wp-content\/uploads\/2024\/03\/IMG_7783-1-768x576.jpeg 768w, https:\/\/www.jakobskrueger.de\/wp-content\/uploads\/2024\/03\/IMG_7783-1-1536x1152.jpeg 1536w, https:\/\/www.jakobskrueger.de\/wp-content\/uploads\/2024\/03\/IMG_7783-1-2048x1536.jpeg 2048w\" sizes=\"auto, (max-width: 2560px) 100vw, 2560px\" \/><div class=\"wp-block-cover__inner-container is-layout-flow wp-block-cover-is-layout-flow\">\n<p class=\"has-text-align-center has-large-font-size\"><\/p>\n<\/div><\/div>\n\n\n\n<h3 class=\"wp-block-heading has-text-align-center\">Entrance Doors<\/h3>\n\n\n\n<div class=\"wp-block-buttons is-content-justification-center is-layout-flex wp-container-core-buttons-is-layout-16018d1d wp-block-buttons-is-layout-flex\">\n<div class=\"wp-block-button is-style-secondary\"><a class=\"wp-block-button__link wp-element-button\" href=\"https:\/\/www.jakobskrueger.de\/en\/haustueren\/\">At a glance: Entrance Doors<\/a><\/div>\n<\/div>\n<\/div>\n\n\n\n<div class=\"wp-block-column is-layout-flow wp-block-column-is-layout-flow\">\n<div class=\"wp-block-cover is-light has-nv-c-2-color has-text-color has-link-color wp-elements-508fc77cffff93540740ac2ea76b1d3a\" style=\"min-height:430px;aspect-ratio:unset;\"><span aria-hidden=\"true\" class=\"wp-block-cover__background has-neve-text-color-background-color has-background-dim-0 has-background-dim\"><\/span><img loading=\"lazy\" decoding=\"async\" width=\"1300\" height=\"1000\" class=\"wp-block-cover__image-background wp-image-421\" alt=\"Hier sehen sie ein Beispiel f\u00fcr eines unserer Produkte: unsere Fenster \u2013 verf\u00fcgbar in vielen verschiedenen Ausf\u00fchrungen und Farben\" src=\"https:\/\/wp.jakobskrueger.eu\/wp-content\/uploads\/2024\/03\/window.jpg\" data-object-fit=\"cover\" srcset=\"https:\/\/www.jakobskrueger.de\/wp-content\/uploads\/2024\/03\/window.jpg 1300w, https:\/\/www.jakobskrueger.de\/wp-content\/uploads\/2024\/03\/window-300x231.jpg 300w, https:\/\/www.jakobskrueger.de\/wp-content\/uploads\/2024\/03\/window-1024x788.jpg 1024w, https:\/\/www.jakobskrueger.de\/wp-content\/uploads\/2024\/03\/window-768x591.jpg 768w\" sizes=\"auto, (max-width: 1300px) 100vw, 1300px\" \/><div class=\"wp-block-cover__inner-container is-layout-flow wp-block-cover-is-layout-flow\">\n<p><\/p>\n<\/div><\/div>\n\n\n\n<h3 class=\"wp-block-heading has-text-align-center\">Windows<\/h3>\n\n\n\n<div class=\"wp-block-buttons is-content-justification-center is-layout-flex wp-container-core-buttons-is-layout-16018d1d wp-block-buttons-is-layout-flex\">\n<div class=\"wp-block-button is-style-secondary\"><a class=\"wp-block-button__link wp-element-button\" href=\"https:\/\/www.jakobskrueger.de\/en\/fenster\/\">At a glance: Windows<\/a><\/div>\n<\/div>\n<\/div>\n<\/div>\n\n\n\n<div class=\"wp-block-columns is-layout-flex wp-container-core-columns-is-layout-9d6595d7 wp-block-columns-is-layout-flex\">\n<div class=\"wp-block-column is-layout-flow wp-block-column-is-layout-flow\">\n<div class=\"wp-block-cover is-light has-nv-c-2-color has-text-color has-link-color wp-elements-3431cf461648fde36f78b69491c933d5\" style=\"min-height:430px;aspect-ratio:unset;\"><span aria-hidden=\"true\" class=\"wp-block-cover__background has-background-dim-0 has-background-dim\" style=\"background-color:#c4c0ba\"><\/span><img loading=\"lazy\" decoding=\"async\" width=\"623\" height=\"422\" class=\"wp-block-cover__image-background wp-image-1708\" alt=\"Hier sehen sie unsere Schiebet\u00fcren \u2013 verf\u00fcgbar in vielen verschiedenen Ausf\u00fchrungen und Farben\" src=\"https:\/\/wp.jakobskrueger.eu\/wp-content\/uploads\/2024\/04\/Detail_Schiebe_623x422.jpg\" data-object-fit=\"cover\" srcset=\"https:\/\/www.jakobskrueger.de\/wp-content\/uploads\/2024\/04\/Detail_Schiebe_623x422.jpg 623w, https:\/\/www.jakobskrueger.de\/wp-content\/uploads\/2024\/04\/Detail_Schiebe_623x422-300x203.jpg 300w, https:\/\/www.jakobskrueger.de\/wp-content\/uploads\/2024\/04\/Detail_Schiebe_623x422-18x12.jpg 18w\" sizes=\"auto, (max-width: 623px) 100vw, 623px\" \/><div class=\"wp-block-cover__inner-container is-layout-flow wp-block-cover-is-layout-flow\">\n<p class=\"has-text-align-center has-large-font-size\"><\/p>\n<\/div><\/div>\n\n\n\n<h3 class=\"wp-block-heading has-text-align-center\">Sliding Doors<\/h3>\n\n\n\n<div class=\"wp-block-buttons is-content-justification-center is-layout-flex wp-container-core-buttons-is-layout-16018d1d wp-block-buttons-is-layout-flex\">\n<div class=\"wp-block-button is-style-secondary\"><a class=\"wp-block-button__link wp-element-button\" href=\"https:\/\/www.jakobskrueger.de\/en\/Schiebetueren\/\">At a glance: Sliding doors<\/a><\/div>\n<\/div>\n<\/div>\n\n\n\n<div class=\"wp-block-column is-layout-flow wp-block-column-is-layout-flow\">\n<div class=\"wp-block-cover is-light has-nv-c-2-color has-text-color has-link-color wp-elements-dbf6eb90b09df2e0b4c3bc2100c3ae91\" style=\"min-height:430px;aspect-ratio:unset;\"><span aria-hidden=\"true\" class=\"wp-block-cover__background has-background-dim-0 has-background-dim\" style=\"background-color:#888884\"><\/span><img loading=\"lazy\" decoding=\"async\" width=\"901\" height=\"611\" class=\"wp-block-cover__image-background wp-image-1705\" alt=\"Hier sehen sie unsere Faltt\u00fcren \u2013 verf\u00fcgbar in vielen verschiedenen Ausf\u00fchrungen und Farben\" src=\"https:\/\/wp.jakobskrueger.eu\/wp-content\/uploads\/2024\/04\/Screenshot-2024-04-15-124106.jpg\" data-object-fit=\"cover\" srcset=\"https:\/\/www.jakobskrueger.de\/wp-content\/uploads\/2024\/04\/Screenshot-2024-04-15-124106.jpg 901w, https:\/\/www.jakobskrueger.de\/wp-content\/uploads\/2024\/04\/Screenshot-2024-04-15-124106-300x203.jpg 300w, https:\/\/www.jakobskrueger.de\/wp-content\/uploads\/2024\/04\/Screenshot-2024-04-15-124106-768x521.jpg 768w, https:\/\/www.jakobskrueger.de\/wp-content\/uploads\/2024\/04\/Screenshot-2024-04-15-124106-18x12.jpg 18w\" sizes=\"auto, (max-width: 901px) 100vw, 901px\" \/><div class=\"wp-block-cover__inner-container is-layout-flow wp-block-cover-is-layout-flow\">\n<p><\/p>\n<\/div><\/div>\n\n\n\n<h3 class=\"wp-block-heading has-text-align-center\">Folding Doors<\/h3>\n\n\n\n<div class=\"wp-block-buttons is-content-justification-center is-layout-flex wp-container-core-buttons-is-layout-16018d1d wp-block-buttons-is-layout-flex\">\n<div class=\"wp-block-button is-style-secondary\"><a class=\"wp-block-button__link wp-element-button\" href=\"https:\/\/www.jakobskrueger.de\/en\/falttueren\/\">At a glance: Folding doors<\/a><\/div>\n<\/div>\n<\/div>\n<\/div>\n\n\n\n<div class=\"wp-block-columns is-layout-flex wp-container-core-columns-is-layout-9d6595d7 wp-block-columns-is-layout-flex\">\n<div class=\"wp-block-column is-layout-flow wp-block-column-is-layout-flow\">\n<div class=\"wp-block-cover is-light has-nv-c-2-color has-text-color has-link-color wp-elements-26771563b14669b6ab0cf2e7d4a910df\" style=\"min-height:430px;aspect-ratio:unset;\"><span aria-hidden=\"true\" class=\"wp-block-cover__background has-background-dim-0 has-background-dim\" style=\"background-color:#c4c0ba\"><\/span><img loading=\"lazy\" decoding=\"async\" width=\"1024\" height=\"768\" class=\"wp-block-cover__image-background wp-image-475\" alt=\"Hier sehen sie ein Beispiel f\u00fcr eines unserer Produkte: unsere Fassadensysteme\" src=\"https:\/\/wp.jakobskrueger.eu\/wp-content\/uploads\/2024\/03\/110-1004_IMG.jpg\" data-object-fit=\"cover\" srcset=\"https:\/\/www.jakobskrueger.de\/wp-content\/uploads\/2024\/03\/110-1004_IMG.jpg 1024w, https:\/\/www.jakobskrueger.de\/wp-content\/uploads\/2024\/03\/110-1004_IMG-300x225.jpg 300w, https:\/\/www.jakobskrueger.de\/wp-content\/uploads\/2024\/03\/110-1004_IMG-768x576.jpg 768w, https:\/\/www.jakobskrueger.de\/wp-content\/uploads\/2024\/03\/110-1004_IMG-16x12.jpg 16w\" sizes=\"auto, (max-width: 1024px) 100vw, 1024px\" \/><div class=\"wp-block-cover__inner-container is-layout-flow wp-block-cover-is-layout-flow\">\n<p class=\"has-text-align-center has-large-font-size\"><\/p>\n<\/div><\/div>\n\n\n\n<h3 class=\"wp-block-heading has-text-align-center\">Curtain wall<\/h3>\n\n\n\n<div class=\"wp-block-buttons is-content-justification-center is-layout-flex wp-container-core-buttons-is-layout-16018d1d wp-block-buttons-is-layout-flex\">\n<div class=\"wp-block-button is-style-secondary\"><a class=\"wp-block-button__link wp-element-button\" href=\"https:\/\/www.jakobskrueger.de\/en\/fassadensysteme\/\">At a glance: Curtain walls<\/a><\/div>\n<\/div>\n<\/div>\n\n\n\n<div class=\"wp-block-column is-layout-flow wp-block-column-is-layout-flow\">\n<div class=\"wp-block-cover is-light has-nv-c-2-color has-text-color has-link-color wp-elements-1a5d3cde8fd34232784f91ef169530fc\" style=\"min-height:430px;aspect-ratio:unset;\"><span aria-hidden=\"true\" class=\"wp-block-cover__background has-background-dim-0 has-background-dim\" style=\"background-color:#888884\"><\/span><img loading=\"lazy\" decoding=\"async\" width=\"2560\" height=\"1708\" class=\"wp-block-cover__image-background wp-image-1876\" alt=\"Hier sehen sie ein Beispiel f\u00fcr eines unserer Produkte: unsere \u00dcberdachungen\" src=\"https:\/\/wp.jakobskrueger.eu\/wp-content\/uploads\/2024\/04\/High-Res-13-Melrose-Dr-21-scaled.jpg\" data-object-fit=\"cover\" srcset=\"https:\/\/www.jakobskrueger.de\/wp-content\/uploads\/2024\/04\/High-Res-13-Melrose-Dr-21-scaled.jpg 2560w, https:\/\/www.jakobskrueger.de\/wp-content\/uploads\/2024\/04\/High-Res-13-Melrose-Dr-21-300x200.jpg 300w, https:\/\/www.jakobskrueger.de\/wp-content\/uploads\/2024\/04\/High-Res-13-Melrose-Dr-21-1024x683.jpg 1024w, https:\/\/www.jakobskrueger.de\/wp-content\/uploads\/2024\/04\/High-Res-13-Melrose-Dr-21-768x512.jpg 768w, https:\/\/www.jakobskrueger.de\/wp-content\/uploads\/2024\/04\/High-Res-13-Melrose-Dr-21-1536x1025.jpg 1536w, https:\/\/www.jakobskrueger.de\/wp-content\/uploads\/2024\/04\/High-Res-13-Melrose-Dr-21-2048x1366.jpg 2048w, https:\/\/www.jakobskrueger.de\/wp-content\/uploads\/2024\/04\/High-Res-13-Melrose-Dr-21-18x12.jpg 18w, https:\/\/www.jakobskrueger.de\/wp-content\/uploads\/2024\/04\/High-Res-13-Melrose-Dr-21-930x620.jpg 930w\" sizes=\"auto, (max-width: 2560px) 100vw, 2560px\" \/><div class=\"wp-block-cover__inner-container is-layout-flow wp-block-cover-is-layout-flow\">\n<p><\/p>\n<\/div><\/div>\n\n\n\n<h3 class=\"wp-block-heading has-text-align-center\">Glass roofing<\/h3>\n\n\n\n<div class=\"wp-block-buttons is-content-justification-center is-layout-flex wp-container-core-buttons-is-layout-16018d1d wp-block-buttons-is-layout-flex\">\n<div class=\"wp-block-button is-style-secondary\"><a class=\"wp-block-button__link wp-element-button\" href=\"https:\/\/www.jakobskrueger.de\/en\/ueberdachungen\/\">At a glance: Glass roofing<\/a><\/div>\n<\/div>\n<\/div>\n<\/div>","protected":false},"excerpt":{"rendered":"<p>Haust\u00fcren Fenster Schiebet\u00fcren Faltt\u00fcren Fassaden \u00dcberdachungen<\/p>","protected":false},"author":3,"featured_media":0,"parent":0,"menu_order":0,"comment_status":"closed","ping_status":"closed","template":"","meta":{"neve_meta_sidebar":"","neve_meta_container":"","neve_meta_enable_content_width":"","neve_meta_content_width":0,"neve_meta_title_alignment":"left","neve_meta_author_avatar":"","neve_post_elements_order":"","neve_meta_disable_header":"","neve_meta_disable_footer":"","neve_meta_disable_title":"on","footnotes":""},"class_list":["post-51","page","type-page","status-publish","hentry"],"yoast_head":"<!-- This site is optimized with the Yoast SEO plugin v26.4 - https:\/\/yoast.com\/wordpress\/plugins\/seo\/ -->\n<title>Produkte - Jakobskr\u00fcger Fenster + T\u00fcren<\/title>\n<meta name=\"description\" content=\"Hier finden sie unsere qualitativen Produkte. Ob Fenster, T\u00fcren, Fassaden oder \u00dcberdachungen \u2013 Jakobskr\u00fcger ist Ihr Ansprechpartner.\" \/>\n<meta name=\"robots\" content=\"index, follow, max-snippet:-1, max-image-preview:large, max-video-preview:-1\" \/>\n<link rel=\"canonical\" href=\"https:\/\/www.jakobskrueger.de\/en\/produkte\/\" \/>\n<meta property=\"og:locale\" content=\"en_US\" \/>\n<meta property=\"og:type\" content=\"article\" \/>\n<meta property=\"og:title\" content=\"Produkte - Jakobskr\u00fcger Fenster + T\u00fcren\" \/>\n<meta property=\"og:description\" content=\"Hier finden sie unsere qualitativen Produkte. Ob Fenster, T\u00fcren, Fassaden oder \u00dcberdachungen \u2013 Jakobskr\u00fcger ist Ihr Ansprechpartner.\" \/>\n<meta property=\"og:url\" content=\"https:\/\/www.jakobskrueger.de\/en\/produkte\/\" \/>\n<meta property=\"og:site_name\" content=\"Jakobskr\u00fcger Fenster + T\u00fcren\" \/>\n<meta property=\"article:modified_time\" content=\"2024-06-26T12:32:37+00:00\" \/>\n<meta property=\"og:image\" content=\"https:\/\/wp.jakobskrueger.eu\/wp-content\/uploads\/2024\/03\/IMG_7783-1-scaled.jpeg\" \/>\n<meta name=\"twitter:card\" content=\"summary_large_image\" \/>\n<meta name=\"twitter:label1\" content=\"Est. reading time\" \/>\n\t<meta name=\"twitter:data1\" content=\"2 minutes\" \/>\n<script type=\"application\/ld+json\" class=\"yoast-schema-graph\">{\"@context\":\"https:\/\/schema.org\",\"@graph\":[{\"@type\":\"WebPage\",\"@id\":\"https:\/\/www.jakobskrueger.de\/produkte\/\",\"url\":\"https:\/\/www.jakobskrueger.de\/produkte\/\",\"name\":\"Produkte - Jakobskr\u00fcger Fenster + T\u00fcren\",\"isPartOf\":{\"@id\":\"https:\/\/www.jakobskrueger.de\/#website\"},\"primaryImageOfPage\":{\"@id\":\"https:\/\/www.jakobskrueger.de\/produkte\/#primaryimage\"},\"image\":{\"@id\":\"https:\/\/www.jakobskrueger.de\/produkte\/#primaryimage\"},\"thumbnailUrl\":\"https:\/\/wp.jakobskrueger.eu\/wp-content\/uploads\/2024\/03\/IMG_7783-1-scaled.jpeg\",\"datePublished\":\"2024-03-05T14:47:03+00:00\",\"dateModified\":\"2024-06-26T12:32:37+00:00\",\"description\":\"Hier finden sie unsere qualitativen Produkte. Ob Fenster, T\u00fcren, Fassaden oder \u00dcberdachungen \u2013 Jakobskr\u00fcger ist Ihr Ansprechpartner.\",\"breadcrumb\":{\"@id\":\"https:\/\/www.jakobskrueger.de\/produkte\/#breadcrumb\"},\"inLanguage\":\"en-CA\",\"potentialAction\":[{\"@type\":\"ReadAction\",\"target\":[\"https:\/\/www.jakobskrueger.de\/produkte\/\"]}]},{\"@type\":\"ImageObject\",\"inLanguage\":\"en-CA\",\"@id\":\"https:\/\/www.jakobskrueger.de\/produkte\/#primaryimage\",\"url\":\"https:\/\/wp.jakobskrueger.eu\/wp-content\/uploads\/2024\/03\/IMG_7783-1-scaled.jpeg\",\"contentUrl\":\"https:\/\/wp.jakobskrueger.eu\/wp-content\/uploads\/2024\/03\/IMG_7783-1-scaled.jpeg\"},{\"@type\":\"BreadcrumbList\",\"@id\":\"https:\/\/www.jakobskrueger.de\/produkte\/#breadcrumb\",\"itemListElement\":[{\"@type\":\"ListItem\",\"position\":1,\"name\":\"Startseite\",\"item\":\"https:\/\/www.jakobskrueger.de\/\"},{\"@type\":\"ListItem\",\"position\":2,\"name\":\"Produkte\"}]},{\"@type\":\"WebSite\",\"@id\":\"https:\/\/www.jakobskrueger.de\/#website\",\"url\":\"https:\/\/www.jakobskrueger.de\/\",\"name\":\"Jakobskr\u00fcger Fenster + T\u00fcren\",\"description\":\"\",\"publisher\":{\"@id\":\"https:\/\/www.jakobskrueger.de\/#organization\"},\"potentialAction\":[{\"@type\":\"SearchAction\",\"target\":{\"@type\":\"EntryPoint\",\"urlTemplate\":\"https:\/\/www.jakobskrueger.de\/?s={search_term_string}\"},\"query-input\":{\"@type\":\"PropertyValueSpecification\",\"valueRequired\":true,\"valueName\":\"search_term_string\"}}],\"inLanguage\":\"en-CA\"},{\"@type\":\"Organization\",\"@id\":\"https:\/\/www.jakobskrueger.de\/#organization\",\"name\":\"C. Jakobskr\u00fcger GmbH & Co. KG\",\"alternateName\":\"Jakobskr\u00fcger Fenster + T\u00fcren\",\"url\":\"https:\/\/www.jakobskrueger.de\/\",\"logo\":{\"@type\":\"ImageObject\",\"inLanguage\":\"en-CA\",\"@id\":\"https:\/\/www.jakobskrueger.de\/#\/schema\/logo\/image\/\",\"url\":\"https:\/\/www.jakobskrueger.de\/wp-content\/uploads\/2024\/06\/SEO_Organisations-Logo.jpg\",\"contentUrl\":\"https:\/\/www.jakobskrueger.de\/wp-content\/uploads\/2024\/06\/SEO_Organisations-Logo.jpg\",\"width\":696,\"height\":696,\"caption\":\"C. Jakobskr\u00fcger GmbH & Co. KG\"},\"image\":{\"@id\":\"https:\/\/www.jakobskrueger.de\/#\/schema\/logo\/image\/\"}}]}<\/script>\n<!-- \/ Yoast SEO plugin. -->","yoast_head_json":{"title":"Produkte - Jakobskr\u00fcger Fenster + T\u00fcren","description":"Hier finden sie unsere qualitativen Produkte. Ob Fenster, T\u00fcren, Fassaden oder \u00dcberdachungen \u2013 Jakobskr\u00fcger ist Ihr Ansprechpartner.","robots":{"index":"index","follow":"follow","max-snippet":"max-snippet:-1","max-image-preview":"max-image-preview:large","max-video-preview":"max-video-preview:-1"},"canonical":"https:\/\/www.jakobskrueger.de\/en\/produkte\/","og_locale":"en_US","og_type":"article","og_title":"Produkte - Jakobskr\u00fcger Fenster + T\u00fcren","og_description":"Hier finden sie unsere qualitativen Produkte. Ob Fenster, T\u00fcren, Fassaden oder \u00dcberdachungen \u2013 Jakobskr\u00fcger ist Ihr Ansprechpartner.","og_url":"https:\/\/www.jakobskrueger.de\/en\/produkte\/","og_site_name":"Jakobskr\u00fcger Fenster + T\u00fcren","article_modified_time":"2024-06-26T12:32:37+00:00","og_image":[{"url":"https:\/\/wp.jakobskrueger.eu\/wp-content\/uploads\/2024\/03\/IMG_7783-1-scaled.jpeg","type":"","width":"","height":""}],"twitter_card":"summary_large_image","twitter_misc":{"Est. reading time":"2 minutes"},"schema":{"@context":"https:\/\/schema.org","@graph":[{"@type":"WebPage","@id":"https:\/\/www.jakobskrueger.de\/produkte\/","url":"https:\/\/www.jakobskrueger.de\/produkte\/","name":"Produkte - Jakobskr\u00fcger Fenster + T\u00fcren","isPartOf":{"@id":"https:\/\/www.jakobskrueger.de\/#website"},"primaryImageOfPage":{"@id":"https:\/\/www.jakobskrueger.de\/produkte\/#primaryimage"},"image":{"@id":"https:\/\/www.jakobskrueger.de\/produkte\/#primaryimage"},"thumbnailUrl":"https:\/\/wp.jakobskrueger.eu\/wp-content\/uploads\/2024\/03\/IMG_7783-1-scaled.jpeg","datePublished":"2024-03-05T14:47:03+00:00","dateModified":"2024-06-26T12:32:37+00:00","description":"Hier finden sie unsere qualitativen Produkte. Ob Fenster, T\u00fcren, Fassaden oder \u00dcberdachungen \u2013 Jakobskr\u00fcger ist Ihr Ansprechpartner.","breadcrumb":{"@id":"https:\/\/www.jakobskrueger.de\/produkte\/#breadcrumb"},"inLanguage":"en-CA","potentialAction":[{"@type":"ReadAction","target":["https:\/\/www.jakobskrueger.de\/produkte\/"]}]},{"@type":"ImageObject","inLanguage":"en-CA","@id":"https:\/\/www.jakobskrueger.de\/produkte\/#primaryimage","url":"https:\/\/wp.jakobskrueger.eu\/wp-content\/uploads\/2024\/03\/IMG_7783-1-scaled.jpeg","contentUrl":"https:\/\/wp.jakobskrueger.eu\/wp-content\/uploads\/2024\/03\/IMG_7783-1-scaled.jpeg"},{"@type":"BreadcrumbList","@id":"https:\/\/www.jakobskrueger.de\/produkte\/#breadcrumb","itemListElement":[{"@type":"ListItem","position":1,"name":"Startseite","item":"https:\/\/www.jakobskrueger.de\/"},{"@type":"ListItem","position":2,"name":"Produkte"}]},{"@type":"WebSite","@id":"https:\/\/www.jakobskrueger.de\/#website","url":"https:\/\/www.jakobskrueger.de\/","name":"Jakobskr\u00fcger Fenster + T\u00fcren","description":"","publisher":{"@id":"https:\/\/www.jakobskrueger.de\/#organization"},"potentialAction":[{"@type":"SearchAction","target":{"@type":"EntryPoint","urlTemplate":"https:\/\/www.jakobskrueger.de\/?s={search_term_string}"},"query-input":{"@type":"PropertyValueSpecification","valueRequired":true,"valueName":"search_term_string"}}],"inLanguage":"en-CA"},{"@type":"Organization","@id":"https:\/\/www.jakobskrueger.de\/#organization","name":"C. Jakobskr\u00fcger GmbH & Co. KG","alternateName":"Jakobskr\u00fcger Fenster + T\u00fcren","url":"https:\/\/www.jakobskrueger.de\/","logo":{"@type":"ImageObject","inLanguage":"en-CA","@id":"https:\/\/www.jakobskrueger.de\/#\/schema\/logo\/image\/","url":"https:\/\/www.jakobskrueger.de\/wp-content\/uploads\/2024\/06\/SEO_Organisations-Logo.jpg","contentUrl":"https:\/\/www.jakobskrueger.de\/wp-content\/uploads\/2024\/06\/SEO_Organisations-Logo.jpg","width":696,"height":696,"caption":"C. Jakobskr\u00fcger GmbH & Co. KG"},"image":{"@id":"https:\/\/www.jakobskrueger.de\/#\/schema\/logo\/image\/"}}]}},"_links":{"self":[{"href":"https:\/\/www.jakobskrueger.de\/en\/wp-json\/wp\/v2\/pages\/51","targetHints":{"allow":["GET"]}}],"collection":[{"href":"https:\/\/www.jakobskrueger.de\/en\/wp-json\/wp\/v2\/pages"}],"about":[{"href":"https:\/\/www.jakobskrueger.de\/en\/wp-json\/wp\/v2\/types\/page"}],"author":[{"embeddable":true,"href":"https:\/\/www.jakobskrueger.de\/en\/wp-json\/wp\/v2\/users\/3"}],"replies":[{"embeddable":true,"href":"https:\/\/www.jakobskrueger.de\/en\/wp-json\/wp\/v2\/comments?post=51"}],"version-history":[{"count":23,"href":"https:\/\/www.jakobskrueger.de\/en\/wp-json\/wp\/v2\/pages\/51\/revisions"}],"predecessor-version":[{"id":2285,"href":"https:\/\/www.jakobskrueger.de\/en\/wp-json\/wp\/v2\/pages\/51\/revisions\/2285"}],"wp:attachment":[{"href":"https:\/\/www.jakobskrueger.de\/en\/wp-json\/wp\/v2\/media?parent=51"}],"curies":[{"name":"wp","href":"https:\/\/api.w.org\/{rel}","templated":true}]}}