{"id":69,"date":"2024-03-05T15:48:07","date_gmt":"2024-03-05T14:48:07","guid":{"rendered":"https:\/\/wp.jakobskrueger.eu\/?page_id=69"},"modified":"2024-07-02T11:37:14","modified_gmt":"2024-07-02T09:37:14","slug":"sicherheit-schutz","status":"publish","type":"page","link":"https:\/\/www.jakobskrueger.de\/en\/sicherheit-schutz\/","title":{"rendered":"Safety + protection"},"content":{"rendered":"<div class=\"n2_clear\"><ss3-force-full-width data-overflow-x=\"body\" data-horizontal-selector=\"body\"><div class=\"n2-section-smartslider fitvidsignore  n2_clear\" data-ssid=\"13\"><div id=\"n2-ss-13-align\" class=\"n2-ss-align\"><div class=\"n2-padding\"><div id=\"n2-ss-13\" data-creator=\"Smart Slider 3\" data-responsive=\"fullwidth\" class=\"n2-ss-slider n2-ow n2-has-hover n2notransition\">\n\n\n\n<div class=\"n2-ss-slider-wrapper-inside\">\n        <div class=\"n2-ss-slider-1 n2_ss__touch_element n2-ow\">\n            <div class=\"n2-ss-slider-2 n2-ow\">\n                                                    <div class=\"n2-ss-background-animation n2-ow\"><\/div>\n                                <div class=\"n2-ss-slider-3 n2-ow\">\n\n                    <div class=\"n2-ss-slide-backgrounds n2-ow-all\"><div class=\"n2-ss-slide-background\" data-public-id=\"1\" data-mode=\"fill\"><div class=\"n2-ss-slide-background-image\" data-blur=\"0\" data-opacity=\"60\" data-x=\"49\" data-y=\"82\" data-alt=\"\" data-title=\"\" style=\"opacity:0.6;--ss-o-pos-x:49%;--ss-o-pos-y:82%\"><picture class=\"skip-lazy\" data-skip-lazy=\"1\"><img decoding=\"async\" src=\"\/\/www.jakobskrueger.de\/wp-content\/uploads\/2024\/03\/IMG_7744-scaled.jpeg\" alt=\"\" title=\"\" loading=\"lazy\" class=\"skip-lazy\" data-skip-lazy=\"1\"><\/picture><\/div><div data-color=\"RGBA(0,0,0,1)\" style=\"background-color: RGBA(0,0,0,1);\" class=\"n2-ss-slide-background-color\"><\/div><\/div><div class=\"n2-ss-slide-background\" data-public-id=\"2\" data-mode=\"fill\" aria-hidden=\"true\"><div class=\"n2-ss-slide-background-image\" data-blur=\"0\" data-opacity=\"60\" data-x=\"49\" data-y=\"83\" data-alt=\"\" data-title=\"\" style=\"opacity:0.6;--ss-o-pos-x:49%;--ss-o-pos-y:83%\"><picture class=\"skip-lazy\" data-skip-lazy=\"1\"><img decoding=\"async\" src=\"\/\/www.jakobskrueger.de\/wp-content\/uploads\/2024\/03\/IMG_7749-scaled.jpeg\" alt=\"\" title=\"\" loading=\"lazy\" class=\"skip-lazy\" data-skip-lazy=\"1\"><\/picture><\/div><div data-color=\"RGBA(0,0,0,1)\" style=\"background-color: RGBA(0,0,0,1);\" class=\"n2-ss-slide-background-color\"><\/div><\/div><div class=\"n2-ss-slide-background\" data-public-id=\"3\" data-mode=\"fill\" aria-hidden=\"true\"><div class=\"n2-ss-slide-background-image\" data-blur=\"0\" data-opacity=\"60\" data-x=\"49\" data-y=\"82\" data-alt=\"\" data-title=\"\" style=\"opacity:0.6;--ss-o-pos-x:49%;--ss-o-pos-y:82%\"><picture class=\"skip-lazy\" data-skip-lazy=\"1\"><img decoding=\"async\" src=\"\/\/www.jakobskrueger.de\/wp-content\/uploads\/2024\/03\/Julius1.jpg\" alt=\"\" title=\"\" loading=\"lazy\" class=\"skip-lazy\" data-skip-lazy=\"1\"><\/picture><\/div><div data-color=\"RGBA(0,0,0,1)\" style=\"background-color: RGBA(0,0,0,1);\" class=\"n2-ss-slide-background-color\"><\/div><\/div><div class=\"n2-ss-slide-background\" data-public-id=\"4\" data-mode=\"fill\" aria-hidden=\"true\"><div class=\"n2-ss-slide-background-image\" data-blur=\"0\" data-opacity=\"60\" data-x=\"51\" data-y=\"65\" data-alt=\"\" data-title=\"\" style=\"opacity:0.6;--ss-o-pos-x:51%;--ss-o-pos-y:65%\"><picture class=\"skip-lazy\" data-skip-lazy=\"1\"><img decoding=\"async\" src=\"\/\/www.jakobskrueger.de\/wp-content\/uploads\/2024\/03\/High-Res-13-Melrose-Dr-25-scaled.jpg\" alt=\"\" title=\"\" loading=\"lazy\" class=\"skip-lazy\" data-skip-lazy=\"1\"><\/picture><\/div><div data-color=\"RGBA(0,0,0,1)\" style=\"background-color: RGBA(0,0,0,1);\" class=\"n2-ss-slide-background-color\"><\/div><\/div><\/div>                    <div class=\"n2-ss-slider-4 n2-ow\">\n                        <svg xmlns=\"http:\/\/www.w3.org\/2000\/svg\" viewbox=\"0 0 1200 700\" data-related-device=\"desktopPortrait\" class=\"n2-ow n2-ss-preserve-size n2-ss-preserve-size--slider n2-ss-slide-limiter\"><\/svg><div data-first=\"1\" data-slide-duration=\"0\" data-id=\"58\" data-slide-public-id=\"1\" data-title=\"Slide 1\" class=\"n2-ss-slide n2-ow  n2-ss-slide-58\"><div role=\"note\" class=\"n2-ss-slide--focus\" tabindex=\"-1\">Slide 1<\/div><div class=\"n2-ss-layers-container n2-ss-slide-limiter n2-ow\"><div class=\"n2-ss-layer n2-ow n-uc-CbgJgIKwWk0e\" data-sstype=\"slide\" data-pm=\"default\"><div class=\"n2-ss-layer n2-ow n-uc-yARHQaqEwIno\" data-pm=\"default\" data-sstype=\"content\" data-hasbackground=\"0\"><div class=\"n2-ss-section-main-content n2-ss-layer-with-background n2-ss-layer-content n2-ow n-uc-yARHQaqEwIno-inner\"><div class=\"n2-ss-layer n2-ow n-uc-KF80C2DMzKbz\" data-pm=\"normal\" data-sstype=\"layer\"><div id=\"n2-ss-13item1\" class=\"n2-font-577e3e94d392c80545fffaf7623e9404-hover   n2-ss-item-content n2-ss-text n2-ow\" style=\"display:block;\">Making the ordinary extraordinary.<\/div><\/div><div class=\"n2-ss-layer n2-ow n-uc-UlzC4QADz3Mj\" data-pm=\"normal\" data-sstype=\"layer\"><div class=\"n2-ss-item-content n2-ss-text n2-ow-all\"><div class=\"\"><\/div><\/div><\/div><\/div><\/div><\/div><\/div><\/div><div data-slide-duration=\"0\" data-id=\"67\" data-slide-public-id=\"2\" aria-hidden=\"true\" data-title=\"Slide 2\" class=\"n2-ss-slide n2-ow  n2-ss-slide-67\"><div role=\"note\" class=\"n2-ss-slide--focus\" tabindex=\"-1\">Slide 2<\/div><div class=\"n2-ss-layers-container n2-ss-slide-limiter n2-ow\"><div class=\"n2-ss-layer n2-ow n-uc-bvjbhESKNbLF\" data-sstype=\"slide\" data-pm=\"default\"><div class=\"n2-ss-layer n2-ow n-uc-Y4asY5lsd3nw\" data-pm=\"default\" data-sstype=\"content\" data-hasbackground=\"0\"><div class=\"n2-ss-section-main-content n2-ss-layer-with-background n2-ss-layer-content n2-ow n-uc-Y4asY5lsd3nw-inner\"><div class=\"n2-ss-layer n2-ow n-uc-aMgsJ1W0yy6L\" data-pm=\"normal\" data-sstype=\"layer\"><div id=\"n2-ss-13item3\" class=\"n2-font-577e3e94d392c80545fffaf7623e9404-hover   n2-ss-item-content n2-ss-text n2-ow\" style=\"display:block;\">Custom-made for your home.<\/div><\/div><div class=\"n2-ss-layer n2-ow n-uc-p6D9xezTQgbH\" data-pm=\"normal\" data-sstype=\"layer\"><div class=\"n2-ss-item-content n2-ss-text n2-ow-all\"><div class=\"\"><\/div><\/div><\/div><\/div><\/div><\/div><\/div><\/div><div data-slide-duration=\"0\" data-id=\"70\" data-slide-public-id=\"3\" aria-hidden=\"true\" data-title=\"Slide 3\" class=\"n2-ss-slide n2-ow  n2-ss-slide-70\"><div role=\"note\" class=\"n2-ss-slide--focus\" tabindex=\"-1\">Slide 3<\/div><div class=\"n2-ss-layers-container n2-ss-slide-limiter n2-ow\"><div class=\"n2-ss-layer n2-ow n-uc-1cpFPCiWe9xj\" data-sstype=\"slide\" data-pm=\"default\"><div class=\"n2-ss-layer n2-ow n-uc-F3Mf4LtGypdO\" data-pm=\"default\" data-sstype=\"content\" data-hasbackground=\"0\"><div class=\"n2-ss-section-main-content n2-ss-layer-with-background n2-ss-layer-content n2-ow n-uc-F3Mf4LtGypdO-inner\"><div class=\"n2-ss-layer n2-ow n-uc-cDk6dmmRE2kD\" data-pm=\"normal\" data-sstype=\"layer\"><div id=\"n2-ss-13item5\" class=\"n2-font-577e3e94d392c80545fffaf7623e9404-hover   n2-ss-item-content n2-ss-text n2-ow\" style=\"display:block;\">Modern or classic design.<\/div><\/div><div class=\"n2-ss-layer n2-ow n-uc-ERwGiP5hL8eo\" data-pm=\"normal\" data-sstype=\"layer\"><div class=\"n2-ss-item-content n2-ss-text n2-ow-all\"><div class=\"\"><\/div><\/div><\/div><\/div><\/div><\/div><\/div><\/div><div data-slide-duration=\"0\" data-id=\"73\" data-slide-public-id=\"4\" aria-hidden=\"true\" data-title=\"Slide 4\" class=\"n2-ss-slide n2-ow  n2-ss-slide-73\"><div role=\"note\" class=\"n2-ss-slide--focus\" tabindex=\"-1\">Slide 4<\/div><div class=\"n2-ss-layers-container n2-ss-slide-limiter n2-ow\"><div class=\"n2-ss-layer n2-ow n-uc-Bioze9sqb3yi\" data-sstype=\"slide\" data-pm=\"default\"><div class=\"n2-ss-layer n2-ow n-uc-Q9hBycZ3vWZW\" data-pm=\"default\" data-sstype=\"content\" data-hasbackground=\"0\"><div class=\"n2-ss-section-main-content n2-ss-layer-with-background n2-ss-layer-content n2-ow n-uc-Q9hBycZ3vWZW-inner\"><div class=\"n2-ss-layer n2-ow n-uc-GhLTI9BbEBJv\" data-pm=\"normal\" data-sstype=\"layer\"><div id=\"n2-ss-13item7\" class=\"n2-font-577e3e94d392c80545fffaf7623e9404-hover   n2-ss-item-content n2-ss-text n2-ow\" style=\"display:block;\">Made in Germany<\/div><\/div><div class=\"n2-ss-layer n2-ow n-uc-y6VTCxhq6bi5\" data-pm=\"normal\" data-sstype=\"layer\"><div class=\"n2-ss-item-content n2-ss-text n2-ow-all\"><div class=\"\"><\/div><\/div><\/div><\/div><\/div><\/div><\/div><\/div>                    <\/div>\n\n                                    <\/div>\n            <\/div>\n        <\/div>\n        <div class=\"n2-ss-slider-controls n2-ss-slider-controls-absolute-left-center\"><div style=\"--widget-offset:15px;\" class=\"n2-ss-widget nextend-arrow n2-ow-all nextend-arrow-previous  nextend-arrow-animated-fade\" data-hide-mobileportrait=\"1\" id=\"n2-ss-13-arrow-previous\" role=\"button\" aria-label=\"previous arrow\" tabindex=\"0\"><img loading=\"lazy\" decoding=\"async\" width=\"32\" height=\"32\" class=\"skip-lazy\" data-skip-lazy=\"1\" src=\"data:image\/svg+xml;base64,PHN2ZyB3aWR0aD0iMzIiIGhlaWdodD0iMzIiIHZpZXdCb3g9IjAgMCAzMiAzMiIgeG1sbnM9Imh0dHA6Ly93d3cudzMub3JnLzIwMDAvc3ZnIj4KICAgIDxwYXRoIGQ9Ik0xMS40MzMgMTUuOTkyTDIyLjY5IDUuNzEyYy4zOTMtLjM5LjM5My0xLjAzIDAtMS40Mi0uMzkzLS4zOS0xLjAzLS4zOS0xLjQyMyAwbC0xMS45OCAxMC45NGMtLjIxLjIxLS4zLjQ5LS4yODUuNzYtLjAxNS4yOC4wNzUuNTYuMjg0Ljc3bDExLjk4IDEwLjk0Yy4zOTMuMzkgMS4wMy4zOSAxLjQyNCAwIC4zOTMtLjQuMzkzLTEuMDMgMC0xLjQybC0xMS4yNTctMTAuMjkiCiAgICAgICAgICBmaWxsPSIjZmZmZmZmIiBvcGFjaXR5PSIwLjgiIGZpbGwtcnVsZT0iZXZlbm9kZCIvPgo8L3N2Zz4=\" alt=\"previous arrow\"><\/div><\/div><div class=\"n2-ss-slider-controls n2-ss-slider-controls-absolute-right-center\"><div style=\"--widget-offset:15px;\" class=\"n2-ss-widget nextend-arrow n2-ow-all nextend-arrow-next  nextend-arrow-animated-fade\" data-hide-mobileportrait=\"1\" id=\"n2-ss-13-arrow-next\" role=\"button\" aria-label=\"next arrow\" tabindex=\"0\"><img loading=\"lazy\" decoding=\"async\" width=\"32\" height=\"32\" class=\"skip-lazy\" data-skip-lazy=\"1\" src=\"data:image\/svg+xml;base64,PHN2ZyB3aWR0aD0iMzIiIGhlaWdodD0iMzIiIHZpZXdCb3g9IjAgMCAzMiAzMiIgeG1sbnM9Imh0dHA6Ly93d3cudzMub3JnLzIwMDAvc3ZnIj4KICAgIDxwYXRoIGQ9Ik0xMC43MjIgNC4yOTNjLS4zOTQtLjM5LTEuMDMyLS4zOS0xLjQyNyAwLS4zOTMuMzktLjM5MyAxLjAzIDAgMS40MmwxMS4yODMgMTAuMjgtMTEuMjgzIDEwLjI5Yy0uMzkzLjM5LS4zOTMgMS4wMiAwIDEuNDIuMzk1LjM5IDEuMDMzLjM5IDEuNDI3IDBsMTIuMDA3LTEwLjk0Yy4yMS0uMjEuMy0uNDkuMjg0LS43Ny4wMTQtLjI3LS4wNzYtLjU1LS4yODYtLjc2TDEwLjcyIDQuMjkzeiIKICAgICAgICAgIGZpbGw9IiNmZmZmZmYiIG9wYWNpdHk9IjAuOCIgZmlsbC1ydWxlPSJldmVub2RkIi8+Cjwvc3ZnPg==\" alt=\"next arrow\"><\/div><\/div><div class=\"n2-ss-slider-controls n2-ss-slider-controls-absolute-center-bottom\"><div style=\"--widget-offset:10px;\" class=\"n2-ss-widget n2-ss-control-bullet n2-ow-all n2-ss-control-bullet-horizontal\"><div class=\"nextend-bullet-bar n2-bar-justify-content-center\" role=\"group\" aria-label=\"Choose slide to display.\"><div class=\"n2-bullet n2-style-d269dbdfd0aa0b655f291953bc201a8b-dot\" style=\"visibility:hidden;\"><\/div><\/div><\/div><\/div><\/div><\/div><ss3-loader><\/ss3-loader><\/div><\/div><div class=\"n2_clear\"><\/div><\/div><\/ss3-force-full-width><\/div>\n\n\n<div style=\"height:50px\" aria-hidden=\"true\" class=\"wp-block-spacer\"><\/div>\n\n\n\n<h1 class=\"wp-block-heading\">Safety + protection<\/h1>\n\n\n\n<p><strong>Tested quality brings safety<\/strong><\/p>\n\n\n\n<div style=\"height:40px\" aria-hidden=\"true\" class=\"wp-block-spacer\"><\/div>\n\n\n\n<div class=\"wp-block-columns is-layout-flex wp-container-core-columns-is-layout-9d6595d7 wp-block-columns-is-layout-flex\">\n<div class=\"wp-block-column is-layout-flow wp-block-column-is-layout-flow\" style=\"flex-basis:66.66%\">\n<p>As part of the external wall, windows not only have to meet visual requirements, but also safety requirements. They must be able to withstand cold, rain and storms. In addition, burglary resistance is becoming increasingly important due to alarming burglary statistics.<\/p>\n\n\n\n<p>Burglar-resistant windows and doors are a sensible investment against increasingly bold and frequent thieves. This is because burglar resistance is usually cheaper and more effective when purchasing new windows than when retrofitting them at a later date.<\/p>\n\n\n\n<p>Our building elements not only attach great importance to ease of use and durability, but also to burglar resistance, i.e. stability at the most vulnerable points.<br><br>The hardware used achieves a unique degree of stability thanks to its superior design, which allows the hardware components to be interlinked in a force-fit and form-fit system. Parts that are subject to particularly high loads and stresses, such as mushroom cam striker plates and security striker plates, are made of steel. The design of the system interlinking relieves the load on the hardware components.&nbsp;<\/p>\n<\/div>\n\n\n\n<div class=\"wp-block-column is-layout-flow wp-block-column-is-layout-flow\" style=\"flex-basis:33.33%\">\n<figure class=\"wp-block-image is-resized\"><img decoding=\"async\" src=\"https:\/\/wp.jakobskrueger.de\/wp-content\/uploads\/2023\/05\/beschlagsuebersicht.gif\" alt=\"\" class=\"wp-image-1061\" style=\"width:382px;height:auto\"\/><\/figure>\n<\/div>\n<\/div>\n\n\n\n<div style=\"height:20px\" aria-hidden=\"true\" class=\"wp-block-spacer\"><\/div>\n\n\n\n<div class=\"wp-block-columns is-layout-flex wp-container-core-columns-is-layout-9d6595d7 wp-block-columns-is-layout-flex\">\n<div class=\"wp-block-column is-layout-flow wp-block-column-is-layout-flow\" style=\"flex-basis:66.66%\">\n<p><strong><\/strong>Even the standard version of Jakobskr\u00fcger windows comes with an additional security corner drive with mushroom-head locking and security steel striking plate as basic security.<\/strong><\/strong><\/p>\n\n\n\n<p>This means for you:<\/p>\n\n\n\n<ul class=\"wp-block-list\">\n<li>Increased security against prying<\/li>\n\n\n\n<li>Stable anchoring of sash and frame<\/li>\n<\/ul>\n\n\n\n<p>In addition, further security levels can be used as required:<\/p>\n\n\n\n<ul class=\"wp-block-list\">\n<li>Basic security plus<\/li>\n\n\n\n<li>Individual security levels<\/li>\n\n\n\n<li>RC2 or RC 3 according to DIN EN 1627<\/li>\n<\/ul>\n\n\n\n<p>Let us advise you to find the optimum solution for your home. Further information on security standards can be found here.<\/p>\n<\/div>\n\n\n\n<div class=\"wp-block-column is-layout-flow wp-block-column-is-layout-flow\" style=\"flex-basis:33.33%\">\n<figure class=\"wp-block-image size-full is-resized\"><img loading=\"lazy\" decoding=\"async\" width=\"393\" height=\"299\" src=\"https:\/\/wp.jakobskrueger.eu\/wp-content\/uploads\/2024\/04\/Screenshot-2024-04-15-170247.jpg\" alt=\"Sicherheit und Schutz - Dieses Bild zeigt die verschiedenen Positionen des Schlosses\" class=\"wp-image-1723\" style=\"width:380px;height:auto\" srcset=\"https:\/\/www.jakobskrueger.de\/wp-content\/uploads\/2024\/04\/Screenshot-2024-04-15-170247.jpg 393w, https:\/\/www.jakobskrueger.de\/wp-content\/uploads\/2024\/04\/Screenshot-2024-04-15-170247-300x228.jpg 300w, https:\/\/www.jakobskrueger.de\/wp-content\/uploads\/2024\/04\/Screenshot-2024-04-15-170247-16x12.jpg 16w\" sizes=\"auto, (max-width: 393px) 100vw, 393px\" \/><\/figure>\n\n\n\n<figure class=\"wp-block-image size-full\"><img loading=\"lazy\" decoding=\"async\" width=\"360\" height=\"418\" src=\"https:\/\/wp.jakobskrueger.eu\/wp-content\/uploads\/2024\/04\/Screenshot-2024-04-15-170330.jpg\" alt=\"Sicherheit und Schutz - Dieses Bild zeigt die Platzierungen der Schl\u00f6sser im Fenster\" class=\"wp-image-1726\" srcset=\"https:\/\/www.jakobskrueger.de\/wp-content\/uploads\/2024\/04\/Screenshot-2024-04-15-170330.jpg 360w, https:\/\/www.jakobskrueger.de\/wp-content\/uploads\/2024\/04\/Screenshot-2024-04-15-170330-258x300.jpg 258w, https:\/\/www.jakobskrueger.de\/wp-content\/uploads\/2024\/04\/Screenshot-2024-04-15-170330-10x12.jpg 10w\" sizes=\"auto, (max-width: 360px) 100vw, 360px\" \/><\/figure>\n<\/div>\n<\/div>\n\n\n\n<div style=\"height:40px\" aria-hidden=\"true\" class=\"wp-block-spacer\"><\/div>","protected":false},"excerpt":{"rendered":"<p>Sicherheit + Schutz Gepr\u00fcfte Qualit\u00e4t bringt Sicherheit Als Teil der Au\u00dfenwand werden an Fenster nicht nur optische, sondern auch sicherheitstechnische Anforderungen gestellt. Sie m\u00fcssen K\u00e4lte, Regen und Sturm dauerhaft trotzen. Dar\u00fcber hinaus wird aufgrund erschreckender Einbruchsstatistiken die Einbruchhemmung immer wichtiger. Einbruchhemmende Fenster und T\u00fcren sind eine vern\u00fcnftige Investition gegen immer dreister und h\u00e4ufiger agierende Diebe.&hellip;&nbsp;<a href=\"https:\/\/www.jakobskrueger.de\/en\/sicherheit-schutz\/\" class=\"\" rel=\"bookmark\">Read More &raquo;<span class=\"screen-reader-text\">Safety + protection<\/span><\/a><\/p>","protected":false},"author":3,"featured_media":0,"parent":0,"menu_order":0,"comment_status":"closed","ping_status":"closed","template":"","meta":{"neve_meta_sidebar":"","neve_meta_container":"","neve_meta_enable_content_width":"","neve_meta_content_width":0,"neve_meta_title_alignment":"left","neve_meta_author_avatar":"","neve_post_elements_order":"","neve_meta_disable_header":"","neve_meta_disable_footer":"off","neve_meta_disable_title":"on","footnotes":""},"class_list":["post-69","page","type-page","status-publish","hentry"],"yoast_head":"<!-- This site is optimized with the Yoast SEO plugin v26.4 - https:\/\/yoast.com\/wordpress\/plugins\/seo\/ -->\n<title>Sicherheit + Schutz - Jakobskr\u00fcger Fenster + T\u00fcren<\/title>\n<meta name=\"description\" content=\"Sicherheit + Schutz Gepr\u00fcfte Qualit\u00e4t bringt Sicherheit Als Teil der Au\u00dfenwand werden an Fenster nicht nur optische, sondern auch sicherheitstechnische\" \/>\n<meta name=\"robots\" content=\"index, follow, max-snippet:-1, max-image-preview:large, max-video-preview:-1\" \/>\n<link rel=\"canonical\" href=\"https:\/\/www.jakobskrueger.de\/en\/sicherheit-schutz\/\" \/>\n<meta property=\"og:locale\" content=\"en_US\" \/>\n<meta property=\"og:type\" content=\"article\" \/>\n<meta property=\"og:title\" content=\"Sicherheit + Schutz - Jakobskr\u00fcger Fenster + T\u00fcren\" \/>\n<meta property=\"og:description\" content=\"Sicherheit + Schutz Gepr\u00fcfte Qualit\u00e4t bringt Sicherheit Als Teil der Au\u00dfenwand werden an Fenster nicht nur optische, sondern auch sicherheitstechnische\" \/>\n<meta property=\"og:url\" content=\"https:\/\/www.jakobskrueger.de\/en\/sicherheit-schutz\/\" \/>\n<meta property=\"og:site_name\" content=\"Jakobskr\u00fcger Fenster + T\u00fcren\" \/>\n<meta property=\"article:modified_time\" content=\"2024-07-02T09:37:14+00:00\" \/>\n<meta property=\"og:image\" content=\"https:\/\/wp.jakobskrueger.de\/wp-content\/uploads\/2023\/05\/beschlagsuebersicht.gif\" \/>\n<meta name=\"twitter:card\" content=\"summary_large_image\" \/>\n<meta name=\"twitter:label1\" content=\"Est. reading time\" \/>\n\t<meta name=\"twitter:data1\" content=\"2 minutes\" \/>\n<script type=\"application\/ld+json\" class=\"yoast-schema-graph\">{\"@context\":\"https:\/\/schema.org\",\"@graph\":[{\"@type\":\"WebPage\",\"@id\":\"https:\/\/www.jakobskrueger.de\/sicherheit-schutz\/\",\"url\":\"https:\/\/www.jakobskrueger.de\/sicherheit-schutz\/\",\"name\":\"Sicherheit + Schutz - Jakobskr\u00fcger Fenster + T\u00fcren\",\"isPartOf\":{\"@id\":\"https:\/\/www.jakobskrueger.de\/#website\"},\"primaryImageOfPage\":{\"@id\":\"https:\/\/www.jakobskrueger.de\/sicherheit-schutz\/#primaryimage\"},\"image\":{\"@id\":\"https:\/\/www.jakobskrueger.de\/sicherheit-schutz\/#primaryimage\"},\"thumbnailUrl\":\"https:\/\/wp.jakobskrueger.de\/wp-content\/uploads\/2023\/05\/beschlagsuebersicht.gif\",\"datePublished\":\"2024-03-05T14:48:07+00:00\",\"dateModified\":\"2024-07-02T09:37:14+00:00\",\"description\":\"Sicherheit + Schutz Gepr\u00fcfte Qualit\u00e4t bringt Sicherheit Als Teil der Au\u00dfenwand werden an Fenster nicht nur optische, sondern auch sicherheitstechnische\",\"breadcrumb\":{\"@id\":\"https:\/\/www.jakobskrueger.de\/sicherheit-schutz\/#breadcrumb\"},\"inLanguage\":\"en-CA\",\"potentialAction\":[{\"@type\":\"ReadAction\",\"target\":[\"https:\/\/www.jakobskrueger.de\/sicherheit-schutz\/\"]}]},{\"@type\":\"ImageObject\",\"inLanguage\":\"en-CA\",\"@id\":\"https:\/\/www.jakobskrueger.de\/sicherheit-schutz\/#primaryimage\",\"url\":\"https:\/\/wp.jakobskrueger.de\/wp-content\/uploads\/2023\/05\/beschlagsuebersicht.gif\",\"contentUrl\":\"https:\/\/wp.jakobskrueger.de\/wp-content\/uploads\/2023\/05\/beschlagsuebersicht.gif\"},{\"@type\":\"BreadcrumbList\",\"@id\":\"https:\/\/www.jakobskrueger.de\/sicherheit-schutz\/#breadcrumb\",\"itemListElement\":[{\"@type\":\"ListItem\",\"position\":1,\"name\":\"Startseite\",\"item\":\"https:\/\/www.jakobskrueger.de\/\"},{\"@type\":\"ListItem\",\"position\":2,\"name\":\"Sicherheit + Schutz\"}]},{\"@type\":\"WebSite\",\"@id\":\"https:\/\/www.jakobskrueger.de\/#website\",\"url\":\"https:\/\/www.jakobskrueger.de\/\",\"name\":\"Jakobskr\u00fcger Fenster + T\u00fcren\",\"description\":\"\",\"publisher\":{\"@id\":\"https:\/\/www.jakobskrueger.de\/#organization\"},\"potentialAction\":[{\"@type\":\"SearchAction\",\"target\":{\"@type\":\"EntryPoint\",\"urlTemplate\":\"https:\/\/www.jakobskrueger.de\/?s={search_term_string}\"},\"query-input\":{\"@type\":\"PropertyValueSpecification\",\"valueRequired\":true,\"valueName\":\"search_term_string\"}}],\"inLanguage\":\"en-CA\"},{\"@type\":\"Organization\",\"@id\":\"https:\/\/www.jakobskrueger.de\/#organization\",\"name\":\"C. Jakobskr\u00fcger GmbH & Co. KG\",\"alternateName\":\"Jakobskr\u00fcger Fenster + T\u00fcren\",\"url\":\"https:\/\/www.jakobskrueger.de\/\",\"logo\":{\"@type\":\"ImageObject\",\"inLanguage\":\"en-CA\",\"@id\":\"https:\/\/www.jakobskrueger.de\/#\/schema\/logo\/image\/\",\"url\":\"https:\/\/www.jakobskrueger.de\/wp-content\/uploads\/2024\/06\/SEO_Organisations-Logo.jpg\",\"contentUrl\":\"https:\/\/www.jakobskrueger.de\/wp-content\/uploads\/2024\/06\/SEO_Organisations-Logo.jpg\",\"width\":696,\"height\":696,\"caption\":\"C. Jakobskr\u00fcger GmbH & Co. KG\"},\"image\":{\"@id\":\"https:\/\/www.jakobskrueger.de\/#\/schema\/logo\/image\/\"}}]}<\/script>\n<!-- \/ Yoast SEO plugin. -->","yoast_head_json":{"title":"Sicherheit + Schutz - Jakobskr\u00fcger Fenster + T\u00fcren","description":"Sicherheit + Schutz Gepr\u00fcfte Qualit\u00e4t bringt Sicherheit Als Teil der Au\u00dfenwand werden an Fenster nicht nur optische, sondern auch sicherheitstechnische","robots":{"index":"index","follow":"follow","max-snippet":"max-snippet:-1","max-image-preview":"max-image-preview:large","max-video-preview":"max-video-preview:-1"},"canonical":"https:\/\/www.jakobskrueger.de\/en\/sicherheit-schutz\/","og_locale":"en_US","og_type":"article","og_title":"Sicherheit + Schutz - Jakobskr\u00fcger Fenster + T\u00fcren","og_description":"Sicherheit + Schutz Gepr\u00fcfte Qualit\u00e4t bringt Sicherheit Als Teil der Au\u00dfenwand werden an Fenster nicht nur optische, sondern auch sicherheitstechnische","og_url":"https:\/\/www.jakobskrueger.de\/en\/sicherheit-schutz\/","og_site_name":"Jakobskr\u00fcger Fenster + T\u00fcren","article_modified_time":"2024-07-02T09:37:14+00:00","og_image":[{"url":"https:\/\/wp.jakobskrueger.de\/wp-content\/uploads\/2023\/05\/beschlagsuebersicht.gif","type":"","width":"","height":""}],"twitter_card":"summary_large_image","twitter_misc":{"Est. reading time":"2 minutes"},"schema":{"@context":"https:\/\/schema.org","@graph":[{"@type":"WebPage","@id":"https:\/\/www.jakobskrueger.de\/sicherheit-schutz\/","url":"https:\/\/www.jakobskrueger.de\/sicherheit-schutz\/","name":"Sicherheit + Schutz - Jakobskr\u00fcger Fenster + T\u00fcren","isPartOf":{"@id":"https:\/\/www.jakobskrueger.de\/#website"},"primaryImageOfPage":{"@id":"https:\/\/www.jakobskrueger.de\/sicherheit-schutz\/#primaryimage"},"image":{"@id":"https:\/\/www.jakobskrueger.de\/sicherheit-schutz\/#primaryimage"},"thumbnailUrl":"https:\/\/wp.jakobskrueger.de\/wp-content\/uploads\/2023\/05\/beschlagsuebersicht.gif","datePublished":"2024-03-05T14:48:07+00:00","dateModified":"2024-07-02T09:37:14+00:00","description":"Sicherheit + Schutz Gepr\u00fcfte Qualit\u00e4t bringt Sicherheit Als Teil der Au\u00dfenwand werden an Fenster nicht nur optische, sondern auch sicherheitstechnische","breadcrumb":{"@id":"https:\/\/www.jakobskrueger.de\/sicherheit-schutz\/#breadcrumb"},"inLanguage":"en-CA","potentialAction":[{"@type":"ReadAction","target":["https:\/\/www.jakobskrueger.de\/sicherheit-schutz\/"]}]},{"@type":"ImageObject","inLanguage":"en-CA","@id":"https:\/\/www.jakobskrueger.de\/sicherheit-schutz\/#primaryimage","url":"https:\/\/wp.jakobskrueger.de\/wp-content\/uploads\/2023\/05\/beschlagsuebersicht.gif","contentUrl":"https:\/\/wp.jakobskrueger.de\/wp-content\/uploads\/2023\/05\/beschlagsuebersicht.gif"},{"@type":"BreadcrumbList","@id":"https:\/\/www.jakobskrueger.de\/sicherheit-schutz\/#breadcrumb","itemListElement":[{"@type":"ListItem","position":1,"name":"Startseite","item":"https:\/\/www.jakobskrueger.de\/"},{"@type":"ListItem","position":2,"name":"Sicherheit + Schutz"}]},{"@type":"WebSite","@id":"https:\/\/www.jakobskrueger.de\/#website","url":"https:\/\/www.jakobskrueger.de\/","name":"Jakobskr\u00fcger Fenster + T\u00fcren","description":"","publisher":{"@id":"https:\/\/www.jakobskrueger.de\/#organization"},"potentialAction":[{"@type":"SearchAction","target":{"@type":"EntryPoint","urlTemplate":"https:\/\/www.jakobskrueger.de\/?s={search_term_string}"},"query-input":{"@type":"PropertyValueSpecification","valueRequired":true,"valueName":"search_term_string"}}],"inLanguage":"en-CA"},{"@type":"Organization","@id":"https:\/\/www.jakobskrueger.de\/#organization","name":"C. Jakobskr\u00fcger GmbH & Co. KG","alternateName":"Jakobskr\u00fcger Fenster + T\u00fcren","url":"https:\/\/www.jakobskrueger.de\/","logo":{"@type":"ImageObject","inLanguage":"en-CA","@id":"https:\/\/www.jakobskrueger.de\/#\/schema\/logo\/image\/","url":"https:\/\/www.jakobskrueger.de\/wp-content\/uploads\/2024\/06\/SEO_Organisations-Logo.jpg","contentUrl":"https:\/\/www.jakobskrueger.de\/wp-content\/uploads\/2024\/06\/SEO_Organisations-Logo.jpg","width":696,"height":696,"caption":"C. Jakobskr\u00fcger GmbH & Co. KG"},"image":{"@id":"https:\/\/www.jakobskrueger.de\/#\/schema\/logo\/image\/"}}]}},"_links":{"self":[{"href":"https:\/\/www.jakobskrueger.de\/en\/wp-json\/wp\/v2\/pages\/69","targetHints":{"allow":["GET"]}}],"collection":[{"href":"https:\/\/www.jakobskrueger.de\/en\/wp-json\/wp\/v2\/pages"}],"about":[{"href":"https:\/\/www.jakobskrueger.de\/en\/wp-json\/wp\/v2\/types\/page"}],"author":[{"embeddable":true,"href":"https:\/\/www.jakobskrueger.de\/en\/wp-json\/wp\/v2\/users\/3"}],"replies":[{"embeddable":true,"href":"https:\/\/www.jakobskrueger.de\/en\/wp-json\/wp\/v2\/comments?post=69"}],"version-history":[{"count":18,"href":"https:\/\/www.jakobskrueger.de\/en\/wp-json\/wp\/v2\/pages\/69\/revisions"}],"predecessor-version":[{"id":2360,"href":"https:\/\/www.jakobskrueger.de\/en\/wp-json\/wp\/v2\/pages\/69\/revisions\/2360"}],"wp:attachment":[{"href":"https:\/\/www.jakobskrueger.de\/en\/wp-json\/wp\/v2\/media?parent=69"}],"curies":[{"name":"wp","href":"https:\/\/api.w.org\/{rel}","templated":true}]}}