{"id":87,"date":"2024-03-05T15:52:09","date_gmt":"2024-03-05T14:52:09","guid":{"rendered":"https:\/\/wp.jakobskrueger.eu\/?page_id=87"},"modified":"2024-07-01T14:44:29","modified_gmt":"2024-07-01T12:44:29","slug":"firma","status":"publish","type":"page","link":"https:\/\/www.jakobskrueger.de\/en\/firma\/","title":{"rendered":"Company"},"content":{"rendered":"<div style=\"height:50px\" aria-hidden=\"true\" class=\"wp-block-spacer\"><\/div>\n\n\n\n<h1 class=\"wp-block-heading\" style=\"padding-top:0;padding-right:0;padding-bottom:0;padding-left:0\">A traditional family business...<\/h1>\n\n\n\n<p><strong>has been manufacturing doors and windows for more than 125 years.<\/strong><\/p>\n\n\n\n<p>New build or renovation, detached house or major project...<\/p>\n\n\n\n<p>... we are the right partner to fulfill your wishes.<\/p>\n\n\n\n<p>Whether windows or doors, winter gardens, curtain walls, roller shutters or sun protection...<\/p>\n\n\n\n<p>... you will find your individual solutions in our extensive range.<\/p>\n\n\n\n<p>From CAD-supported planning to professional execution, from in-depth consultation to the solution of your ideas...<\/p>\n\n\n\n<p>... Flexibility and fast decision-making processes are our strength for the implementation down to the last detail.<\/p>","protected":false},"excerpt":{"rendered":"<p>Ein traditionsreiches Familienunternehmen&#8230; fertigt seit mehr als 125 Jahren Bauelemente nach dem jeweils neustem Stand der Technik in OWL-Deutschland. Neubau oder Renovierung, Einfamilienhaus oder Gro\u00dfprojekt&#8230; &#8230; wir sind der richtige Partner zur Erf\u00fcllung Ihrer W\u00fcnsche. Ob Fenster oder T\u00fcren, Winterg\u00e4rten, Fassaden oder Vord\u00e4cher, Rolll\u00e4den oder Sonnenschutz&#8230; &#8230; in unserem umfangreichen Programm finden Sie Ihre individuellen&hellip;&nbsp;<a href=\"https:\/\/www.jakobskrueger.de\/en\/firma\/\" class=\"\" rel=\"bookmark\">Read More &raquo;<span class=\"screen-reader-text\">Company<\/span><\/a><\/p>","protected":false},"author":3,"featured_media":0,"parent":0,"menu_order":0,"comment_status":"closed","ping_status":"closed","template":"","meta":{"neve_meta_sidebar":"","neve_meta_container":"","neve_meta_enable_content_width":"","neve_meta_content_width":0,"neve_meta_title_alignment":"","neve_meta_author_avatar":"","neve_post_elements_order":"","neve_meta_disable_header":"","neve_meta_disable_footer":"","neve_meta_disable_title":"on","footnotes":""},"class_list":["post-87","page","type-page","status-publish","hentry"],"yoast_head":"<!-- This site is optimized with the Yoast SEO plugin v26.4 - https:\/\/yoast.com\/wordpress\/plugins\/seo\/ -->\n<title>Firma - Jakobskr\u00fcger Fenster + T\u00fcren<\/title>\n<meta name=\"description\" content=\"Firma Jakobskr\u00fcger aus Bad Salzuflen - Ein Familienunternehmen seit 125 Jahren | Neubau oder Renovierung, Einfamilienhaus oder Gro\u00dfprojekt...\" \/>\n<meta name=\"robots\" content=\"index, follow, max-snippet:-1, max-image-preview:large, max-video-preview:-1\" \/>\n<link rel=\"canonical\" href=\"https:\/\/www.jakobskrueger.de\/en\/firma\/\" \/>\n<meta property=\"og:locale\" content=\"en_US\" \/>\n<meta property=\"og:type\" content=\"article\" \/>\n<meta property=\"og:title\" content=\"Firma - Jakobskr\u00fcger Fenster + T\u00fcren\" \/>\n<meta property=\"og:description\" content=\"Firma Jakobskr\u00fcger aus Bad Salzuflen - Ein Familienunternehmen seit 125 Jahren | Neubau oder Renovierung, Einfamilienhaus oder Gro\u00dfprojekt...\" \/>\n<meta property=\"og:url\" content=\"https:\/\/www.jakobskrueger.de\/en\/firma\/\" \/>\n<meta property=\"og:site_name\" content=\"Jakobskr\u00fcger Fenster + T\u00fcren\" \/>\n<meta property=\"article:modified_time\" content=\"2024-07-01T12:44:29+00:00\" \/>\n<meta property=\"og:image\" content=\"https:\/\/www.jakobskrueger.de\/wp-content\/uploads\/2024\/06\/SEO_website_bild.jpg\" \/>\n\t<meta property=\"og:image:width\" content=\"1200\" \/>\n\t<meta property=\"og:image:height\" content=\"675\" \/>\n\t<meta property=\"og:image:type\" content=\"image\/jpeg\" \/>\n<meta name=\"twitter:card\" content=\"summary_large_image\" \/>\n<meta name=\"twitter:label1\" content=\"Est. reading time\" \/>\n\t<meta name=\"twitter:data1\" content=\"1 minute\" \/>\n<script type=\"application\/ld+json\" class=\"yoast-schema-graph\">{\"@context\":\"https:\/\/schema.org\",\"@graph\":[{\"@type\":\"WebPage\",\"@id\":\"https:\/\/www.jakobskrueger.de\/firma\/\",\"url\":\"https:\/\/www.jakobskrueger.de\/firma\/\",\"name\":\"Firma - Jakobskr\u00fcger Fenster + T\u00fcren\",\"isPartOf\":{\"@id\":\"https:\/\/www.jakobskrueger.de\/#website\"},\"datePublished\":\"2024-03-05T14:52:09+00:00\",\"dateModified\":\"2024-07-01T12:44:29+00:00\",\"description\":\"Firma Jakobskr\u00fcger aus Bad Salzuflen - Ein Familienunternehmen seit 125 Jahren | Neubau oder Renovierung, Einfamilienhaus oder Gro\u00dfprojekt...\",\"breadcrumb\":{\"@id\":\"https:\/\/www.jakobskrueger.de\/firma\/#breadcrumb\"},\"inLanguage\":\"en-CA\",\"potentialAction\":[{\"@type\":\"ReadAction\",\"target\":[\"https:\/\/www.jakobskrueger.de\/firma\/\"]}]},{\"@type\":\"BreadcrumbList\",\"@id\":\"https:\/\/www.jakobskrueger.de\/firma\/#breadcrumb\",\"itemListElement\":[{\"@type\":\"ListItem\",\"position\":1,\"name\":\"Startseite\",\"item\":\"https:\/\/www.jakobskrueger.de\/\"},{\"@type\":\"ListItem\",\"position\":2,\"name\":\"Firma\"}]},{\"@type\":\"WebSite\",\"@id\":\"https:\/\/www.jakobskrueger.de\/#website\",\"url\":\"https:\/\/www.jakobskrueger.de\/\",\"name\":\"Jakobskr\u00fcger Fenster + T\u00fcren\",\"description\":\"\",\"publisher\":{\"@id\":\"https:\/\/www.jakobskrueger.de\/#organization\"},\"potentialAction\":[{\"@type\":\"SearchAction\",\"target\":{\"@type\":\"EntryPoint\",\"urlTemplate\":\"https:\/\/www.jakobskrueger.de\/?s={search_term_string}\"},\"query-input\":{\"@type\":\"PropertyValueSpecification\",\"valueRequired\":true,\"valueName\":\"search_term_string\"}}],\"inLanguage\":\"en-CA\"},{\"@type\":\"Organization\",\"@id\":\"https:\/\/www.jakobskrueger.de\/#organization\",\"name\":\"C. Jakobskr\u00fcger GmbH & Co. KG\",\"alternateName\":\"Jakobskr\u00fcger Fenster + T\u00fcren\",\"url\":\"https:\/\/www.jakobskrueger.de\/\",\"logo\":{\"@type\":\"ImageObject\",\"inLanguage\":\"en-CA\",\"@id\":\"https:\/\/www.jakobskrueger.de\/#\/schema\/logo\/image\/\",\"url\":\"https:\/\/www.jakobskrueger.de\/wp-content\/uploads\/2024\/06\/SEO_Organisations-Logo.jpg\",\"contentUrl\":\"https:\/\/www.jakobskrueger.de\/wp-content\/uploads\/2024\/06\/SEO_Organisations-Logo.jpg\",\"width\":696,\"height\":696,\"caption\":\"C. Jakobskr\u00fcger GmbH & Co. KG\"},\"image\":{\"@id\":\"https:\/\/www.jakobskrueger.de\/#\/schema\/logo\/image\/\"}}]}<\/script>\n<!-- \/ Yoast SEO plugin. -->","yoast_head_json":{"title":"Firma - Jakobskr\u00fcger Fenster + T\u00fcren","description":"Firma Jakobskr\u00fcger aus Bad Salzuflen - Ein Familienunternehmen seit 125 Jahren | Neubau oder Renovierung, Einfamilienhaus oder Gro\u00dfprojekt...","robots":{"index":"index","follow":"follow","max-snippet":"max-snippet:-1","max-image-preview":"max-image-preview:large","max-video-preview":"max-video-preview:-1"},"canonical":"https:\/\/www.jakobskrueger.de\/en\/firma\/","og_locale":"en_US","og_type":"article","og_title":"Firma - Jakobskr\u00fcger Fenster + T\u00fcren","og_description":"Firma Jakobskr\u00fcger aus Bad Salzuflen - Ein Familienunternehmen seit 125 Jahren | Neubau oder Renovierung, Einfamilienhaus oder Gro\u00dfprojekt...","og_url":"https:\/\/www.jakobskrueger.de\/en\/firma\/","og_site_name":"Jakobskr\u00fcger Fenster + T\u00fcren","article_modified_time":"2024-07-01T12:44:29+00:00","og_image":[{"width":1200,"height":675,"url":"https:\/\/www.jakobskrueger.de\/wp-content\/uploads\/2024\/06\/SEO_website_bild.jpg","type":"image\/jpeg"}],"twitter_card":"summary_large_image","twitter_misc":{"Est. reading time":"1 minute"},"schema":{"@context":"https:\/\/schema.org","@graph":[{"@type":"WebPage","@id":"https:\/\/www.jakobskrueger.de\/firma\/","url":"https:\/\/www.jakobskrueger.de\/firma\/","name":"Firma - Jakobskr\u00fcger Fenster + T\u00fcren","isPartOf":{"@id":"https:\/\/www.jakobskrueger.de\/#website"},"datePublished":"2024-03-05T14:52:09+00:00","dateModified":"2024-07-01T12:44:29+00:00","description":"Firma Jakobskr\u00fcger aus Bad Salzuflen - Ein Familienunternehmen seit 125 Jahren | Neubau oder Renovierung, Einfamilienhaus oder Gro\u00dfprojekt...","breadcrumb":{"@id":"https:\/\/www.jakobskrueger.de\/firma\/#breadcrumb"},"inLanguage":"en-CA","potentialAction":[{"@type":"ReadAction","target":["https:\/\/www.jakobskrueger.de\/firma\/"]}]},{"@type":"BreadcrumbList","@id":"https:\/\/www.jakobskrueger.de\/firma\/#breadcrumb","itemListElement":[{"@type":"ListItem","position":1,"name":"Startseite","item":"https:\/\/www.jakobskrueger.de\/"},{"@type":"ListItem","position":2,"name":"Firma"}]},{"@type":"WebSite","@id":"https:\/\/www.jakobskrueger.de\/#website","url":"https:\/\/www.jakobskrueger.de\/","name":"Jakobskr\u00fcger Fenster + T\u00fcren","description":"","publisher":{"@id":"https:\/\/www.jakobskrueger.de\/#organization"},"potentialAction":[{"@type":"SearchAction","target":{"@type":"EntryPoint","urlTemplate":"https:\/\/www.jakobskrueger.de\/?s={search_term_string}"},"query-input":{"@type":"PropertyValueSpecification","valueRequired":true,"valueName":"search_term_string"}}],"inLanguage":"en-CA"},{"@type":"Organization","@id":"https:\/\/www.jakobskrueger.de\/#organization","name":"C. Jakobskr\u00fcger GmbH & Co. KG","alternateName":"Jakobskr\u00fcger Fenster + T\u00fcren","url":"https:\/\/www.jakobskrueger.de\/","logo":{"@type":"ImageObject","inLanguage":"en-CA","@id":"https:\/\/www.jakobskrueger.de\/#\/schema\/logo\/image\/","url":"https:\/\/www.jakobskrueger.de\/wp-content\/uploads\/2024\/06\/SEO_Organisations-Logo.jpg","contentUrl":"https:\/\/www.jakobskrueger.de\/wp-content\/uploads\/2024\/06\/SEO_Organisations-Logo.jpg","width":696,"height":696,"caption":"C. Jakobskr\u00fcger GmbH & Co. KG"},"image":{"@id":"https:\/\/www.jakobskrueger.de\/#\/schema\/logo\/image\/"}}]}},"_links":{"self":[{"href":"https:\/\/www.jakobskrueger.de\/en\/wp-json\/wp\/v2\/pages\/87","targetHints":{"allow":["GET"]}}],"collection":[{"href":"https:\/\/www.jakobskrueger.de\/en\/wp-json\/wp\/v2\/pages"}],"about":[{"href":"https:\/\/www.jakobskrueger.de\/en\/wp-json\/wp\/v2\/types\/page"}],"author":[{"embeddable":true,"href":"https:\/\/www.jakobskrueger.de\/en\/wp-json\/wp\/v2\/users\/3"}],"replies":[{"embeddable":true,"href":"https:\/\/www.jakobskrueger.de\/en\/wp-json\/wp\/v2\/comments?post=87"}],"version-history":[{"count":10,"href":"https:\/\/www.jakobskrueger.de\/en\/wp-json\/wp\/v2\/pages\/87\/revisions"}],"predecessor-version":[{"id":1976,"href":"https:\/\/www.jakobskrueger.de\/en\/wp-json\/wp\/v2\/pages\/87\/revisions\/1976"}],"wp:attachment":[{"href":"https:\/\/www.jakobskrueger.de\/en\/wp-json\/wp\/v2\/media?parent=87"}],"curies":[{"name":"wp","href":"https:\/\/api.w.org\/{rel}","templated":true}]}}