{"id":93,"date":"2024-03-05T15:52:18","date_gmt":"2024-03-05T14:52:18","guid":{"rendered":"https:\/\/wp.jakobskrueger.eu\/?page_id=93"},"modified":"2024-07-01T15:05:50","modified_gmt":"2024-07-01T13:05:50","slug":"kontakt","status":"publish","type":"page","link":"https:\/\/www.jakobskrueger.de\/en\/kontakt\/","title":{"rendered":"Contact"},"content":{"rendered":"<div style=\"height:50px\" aria-hidden=\"true\" class=\"wp-block-spacer\"><\/div>\n\n\n\n<div class=\"wp-block-columns is-layout-flex wp-container-core-columns-is-layout-9d6595d7 wp-block-columns-is-layout-flex\">\n<div class=\"wp-block-column is-layout-flow wp-block-column-is-layout-flow\">\n<p>C. Jakobskr\u00fcger GmbH &amp; Co. KG<br>W\u00fclferheide 13<br>32107 Bad Salzuflen (Germany)<\/p>\n\n\n\n<p>Tel: 05222\/ 9768 &#8211; 0<br>Fax: 05222\/ 9768 &#8211; 30<br>Email: contact@jakobskrueger.de<\/p>\n<\/div>\n\n\n\n<div class=\"wp-block-column is-layout-flow wp-block-column-is-layout-flow\">\n<p>C. Jakobskr\u00fcger GmbH &amp; Co. KG<br>Lehniner Chaussee 2 a<br>14550 Gro\u00df Kreutz (Germany)<\/p>\n\n\n\n<p>Tel: 05222\/9768-0<br><br>Email: contact@jakobskrueger.de<\/p>\n<\/div>\n<\/div>","protected":false},"excerpt":{"rendered":"<p>C. Jakobskr\u00fcger GmbH &amp; Co. KGW\u00fclferheide 1332107 Bad Salzuflen Tel: 05222\/ 9768 &#8211; 0Fax: 05222\/ 9768 &#8211; 30Email: contact@jakobskrueger.de C. Jakobskr\u00fcger GmbH &amp; Co. KGLehniner Chaussee 2 a14550 Gro\u00df Kreutz Tel: 05222\/9768-0 Email: contact@jakobskrueger.de<\/p>","protected":false},"author":3,"featured_media":0,"parent":0,"menu_order":0,"comment_status":"closed","ping_status":"closed","template":"","meta":{"neve_meta_sidebar":"","neve_meta_container":"","neve_meta_enable_content_width":"","neve_meta_content_width":0,"neve_meta_title_alignment":"","neve_meta_author_avatar":"","neve_post_elements_order":"","neve_meta_disable_header":"","neve_meta_disable_footer":"","neve_meta_disable_title":"","footnotes":""},"class_list":["post-93","page","type-page","status-publish","hentry"],"yoast_head":"<!-- This site is optimized with the Yoast SEO plugin v26.4 - https:\/\/yoast.com\/wordpress\/plugins\/seo\/ -->\n<title>Kontakt - Jakobskr\u00fcger Fenster + T\u00fcren<\/title>\n<meta name=\"description\" content=\"C. Jakobskr\u00fcger GmbH &amp; Co. KG W\u00fclferheide 1332107 Bad Salzuflen | Tel: 05222\/ 9768 - 0 Fax: 05222\/ 9768 - 30 | Email: contact@jakobskrueger.de\" \/>\n<meta name=\"robots\" content=\"index, follow, max-snippet:-1, max-image-preview:large, max-video-preview:-1\" \/>\n<link rel=\"canonical\" href=\"https:\/\/www.jakobskrueger.de\/en\/kontakt\/\" \/>\n<meta property=\"og:locale\" content=\"en_US\" \/>\n<meta property=\"og:type\" content=\"article\" \/>\n<meta property=\"og:title\" content=\"Kontakt - Jakobskr\u00fcger Fenster + T\u00fcren\" \/>\n<meta property=\"og:description\" content=\"C. Jakobskr\u00fcger GmbH &amp; Co. KG W\u00fclferheide 1332107 Bad Salzuflen | Tel: 05222\/ 9768 - 0 Fax: 05222\/ 9768 - 30 | Email: contact@jakobskrueger.de\" \/>\n<meta property=\"og:url\" content=\"https:\/\/www.jakobskrueger.de\/en\/kontakt\/\" \/>\n<meta property=\"og:site_name\" content=\"Jakobskr\u00fcger Fenster + T\u00fcren\" \/>\n<meta property=\"article:modified_time\" content=\"2024-07-01T13:05:50+00:00\" \/>\n<meta property=\"og:image\" content=\"https:\/\/www.jakobskrueger.de\/wp-content\/uploads\/2024\/06\/SEO_website_bild.jpg\" \/>\n\t<meta property=\"og:image:width\" content=\"1200\" \/>\n\t<meta property=\"og:image:height\" content=\"675\" \/>\n\t<meta property=\"og:image:type\" content=\"image\/jpeg\" \/>\n<meta name=\"twitter:card\" content=\"summary_large_image\" \/>\n<meta name=\"twitter:label1\" content=\"Est. reading time\" \/>\n\t<meta name=\"twitter:data1\" content=\"1 minute\" \/>\n<script type=\"application\/ld+json\" class=\"yoast-schema-graph\">{\"@context\":\"https:\/\/schema.org\",\"@graph\":[{\"@type\":\"WebPage\",\"@id\":\"https:\/\/www.jakobskrueger.de\/kontakt\/\",\"url\":\"https:\/\/www.jakobskrueger.de\/kontakt\/\",\"name\":\"Kontakt - Jakobskr\u00fcger Fenster + T\u00fcren\",\"isPartOf\":{\"@id\":\"https:\/\/www.jakobskrueger.de\/#website\"},\"datePublished\":\"2024-03-05T14:52:18+00:00\",\"dateModified\":\"2024-07-01T13:05:50+00:00\",\"description\":\"C. Jakobskr\u00fcger GmbH & Co. KG W\u00fclferheide 1332107 Bad Salzuflen | Tel: 05222\/ 9768 - 0 Fax: 05222\/ 9768 - 30 | Email: contact@jakobskrueger.de\",\"breadcrumb\":{\"@id\":\"https:\/\/www.jakobskrueger.de\/kontakt\/#breadcrumb\"},\"inLanguage\":\"en-CA\",\"potentialAction\":[{\"@type\":\"ReadAction\",\"target\":[\"https:\/\/www.jakobskrueger.de\/kontakt\/\"]}]},{\"@type\":\"BreadcrumbList\",\"@id\":\"https:\/\/www.jakobskrueger.de\/kontakt\/#breadcrumb\",\"itemListElement\":[{\"@type\":\"ListItem\",\"position\":1,\"name\":\"Startseite\",\"item\":\"https:\/\/www.jakobskrueger.de\/\"},{\"@type\":\"ListItem\",\"position\":2,\"name\":\"Kontakt\"}]},{\"@type\":\"WebSite\",\"@id\":\"https:\/\/www.jakobskrueger.de\/#website\",\"url\":\"https:\/\/www.jakobskrueger.de\/\",\"name\":\"Jakobskr\u00fcger Fenster + T\u00fcren\",\"description\":\"\",\"publisher\":{\"@id\":\"https:\/\/www.jakobskrueger.de\/#organization\"},\"potentialAction\":[{\"@type\":\"SearchAction\",\"target\":{\"@type\":\"EntryPoint\",\"urlTemplate\":\"https:\/\/www.jakobskrueger.de\/?s={search_term_string}\"},\"query-input\":{\"@type\":\"PropertyValueSpecification\",\"valueRequired\":true,\"valueName\":\"search_term_string\"}}],\"inLanguage\":\"en-CA\"},{\"@type\":\"Organization\",\"@id\":\"https:\/\/www.jakobskrueger.de\/#organization\",\"name\":\"C. Jakobskr\u00fcger GmbH & Co. KG\",\"alternateName\":\"Jakobskr\u00fcger Fenster + T\u00fcren\",\"url\":\"https:\/\/www.jakobskrueger.de\/\",\"logo\":{\"@type\":\"ImageObject\",\"inLanguage\":\"en-CA\",\"@id\":\"https:\/\/www.jakobskrueger.de\/#\/schema\/logo\/image\/\",\"url\":\"https:\/\/www.jakobskrueger.de\/wp-content\/uploads\/2024\/06\/SEO_Organisations-Logo.jpg\",\"contentUrl\":\"https:\/\/www.jakobskrueger.de\/wp-content\/uploads\/2024\/06\/SEO_Organisations-Logo.jpg\",\"width\":696,\"height\":696,\"caption\":\"C. Jakobskr\u00fcger GmbH & Co. KG\"},\"image\":{\"@id\":\"https:\/\/www.jakobskrueger.de\/#\/schema\/logo\/image\/\"}}]}<\/script>\n<!-- \/ Yoast SEO plugin. -->","yoast_head_json":{"title":"Kontakt - Jakobskr\u00fcger Fenster + T\u00fcren","description":"C. Jakobskr\u00fcger GmbH & Co. KG W\u00fclferheide 1332107 Bad Salzuflen | Tel: 05222\/ 9768 - 0 Fax: 05222\/ 9768 - 30 | Email: contact@jakobskrueger.de","robots":{"index":"index","follow":"follow","max-snippet":"max-snippet:-1","max-image-preview":"max-image-preview:large","max-video-preview":"max-video-preview:-1"},"canonical":"https:\/\/www.jakobskrueger.de\/en\/kontakt\/","og_locale":"en_US","og_type":"article","og_title":"Kontakt - Jakobskr\u00fcger Fenster + T\u00fcren","og_description":"C. Jakobskr\u00fcger GmbH & Co. KG W\u00fclferheide 1332107 Bad Salzuflen | Tel: 05222\/ 9768 - 0 Fax: 05222\/ 9768 - 30 | Email: contact@jakobskrueger.de","og_url":"https:\/\/www.jakobskrueger.de\/en\/kontakt\/","og_site_name":"Jakobskr\u00fcger Fenster + T\u00fcren","article_modified_time":"2024-07-01T13:05:50+00:00","og_image":[{"width":1200,"height":675,"url":"https:\/\/www.jakobskrueger.de\/wp-content\/uploads\/2024\/06\/SEO_website_bild.jpg","type":"image\/jpeg"}],"twitter_card":"summary_large_image","twitter_misc":{"Est. reading time":"1 minute"},"schema":{"@context":"https:\/\/schema.org","@graph":[{"@type":"WebPage","@id":"https:\/\/www.jakobskrueger.de\/kontakt\/","url":"https:\/\/www.jakobskrueger.de\/kontakt\/","name":"Kontakt - Jakobskr\u00fcger Fenster + T\u00fcren","isPartOf":{"@id":"https:\/\/www.jakobskrueger.de\/#website"},"datePublished":"2024-03-05T14:52:18+00:00","dateModified":"2024-07-01T13:05:50+00:00","description":"C. Jakobskr\u00fcger GmbH & Co. KG W\u00fclferheide 1332107 Bad Salzuflen | Tel: 05222\/ 9768 - 0 Fax: 05222\/ 9768 - 30 | Email: contact@jakobskrueger.de","breadcrumb":{"@id":"https:\/\/www.jakobskrueger.de\/kontakt\/#breadcrumb"},"inLanguage":"en-CA","potentialAction":[{"@type":"ReadAction","target":["https:\/\/www.jakobskrueger.de\/kontakt\/"]}]},{"@type":"BreadcrumbList","@id":"https:\/\/www.jakobskrueger.de\/kontakt\/#breadcrumb","itemListElement":[{"@type":"ListItem","position":1,"name":"Startseite","item":"https:\/\/www.jakobskrueger.de\/"},{"@type":"ListItem","position":2,"name":"Kontakt"}]},{"@type":"WebSite","@id":"https:\/\/www.jakobskrueger.de\/#website","url":"https:\/\/www.jakobskrueger.de\/","name":"Jakobskr\u00fcger Fenster + T\u00fcren","description":"","publisher":{"@id":"https:\/\/www.jakobskrueger.de\/#organization"},"potentialAction":[{"@type":"SearchAction","target":{"@type":"EntryPoint","urlTemplate":"https:\/\/www.jakobskrueger.de\/?s={search_term_string}"},"query-input":{"@type":"PropertyValueSpecification","valueRequired":true,"valueName":"search_term_string"}}],"inLanguage":"en-CA"},{"@type":"Organization","@id":"https:\/\/www.jakobskrueger.de\/#organization","name":"C. Jakobskr\u00fcger GmbH & Co. KG","alternateName":"Jakobskr\u00fcger Fenster + T\u00fcren","url":"https:\/\/www.jakobskrueger.de\/","logo":{"@type":"ImageObject","inLanguage":"en-CA","@id":"https:\/\/www.jakobskrueger.de\/#\/schema\/logo\/image\/","url":"https:\/\/www.jakobskrueger.de\/wp-content\/uploads\/2024\/06\/SEO_Organisations-Logo.jpg","contentUrl":"https:\/\/www.jakobskrueger.de\/wp-content\/uploads\/2024\/06\/SEO_Organisations-Logo.jpg","width":696,"height":696,"caption":"C. Jakobskr\u00fcger GmbH & Co. KG"},"image":{"@id":"https:\/\/www.jakobskrueger.de\/#\/schema\/logo\/image\/"}}]}},"_links":{"self":[{"href":"https:\/\/www.jakobskrueger.de\/en\/wp-json\/wp\/v2\/pages\/93","targetHints":{"allow":["GET"]}}],"collection":[{"href":"https:\/\/www.jakobskrueger.de\/en\/wp-json\/wp\/v2\/pages"}],"about":[{"href":"https:\/\/www.jakobskrueger.de\/en\/wp-json\/wp\/v2\/types\/page"}],"author":[{"embeddable":true,"href":"https:\/\/www.jakobskrueger.de\/en\/wp-json\/wp\/v2\/users\/3"}],"replies":[{"embeddable":true,"href":"https:\/\/www.jakobskrueger.de\/en\/wp-json\/wp\/v2\/comments?post=93"}],"version-history":[{"count":4,"href":"https:\/\/www.jakobskrueger.de\/en\/wp-json\/wp\/v2\/pages\/93\/revisions"}],"predecessor-version":[{"id":1738,"href":"https:\/\/www.jakobskrueger.de\/en\/wp-json\/wp\/v2\/pages\/93\/revisions\/1738"}],"wp:attachment":[{"href":"https:\/\/www.jakobskrueger.de\/en\/wp-json\/wp\/v2\/media?parent=93"}],"curies":[{"name":"wp","href":"https:\/\/api.w.org\/{rel}","templated":true}]}}